{"id":783,"date":"2025-07-22T18:18:46","date_gmt":"2025-07-22T16:18:46","guid":{"rendered":"https:\/\/inferroexhausts.eu\/?page_id=783"},"modified":"2025-12-07T20:36:15","modified_gmt":"2025-12-07T19:36:15","slug":"993-2","status":"publish","type":"page","link":"https:\/\/inferroexhausts.eu\/index.php\/993-2\/","title":{"rendered":"993"},"content":{"rendered":"<div data-colibri-id=\"783-c1\" class=\"style-811 style-local-783-c1 position-relative\">\n  <!---->\n  <div data-colibri-component=\"section\" data-colibri-id=\"783-c2\" id=\"custom\" class=\"h-section h-section-global-spacing d-flex align-items-lg-center align-items-md-center align-items-center style-812 style-local-783-c2 position-relative\">\n    <!---->\n    <!---->\n    <div class=\"h-section-grid-container h-section-boxed-container\">\n      <div data-colibri-id=\"783-c5\" class=\"h-row-container gutters-row-lg-2 gutters-row-md-2 gutters-row-0 gutters-row-v-lg-2 gutters-row-v-md-2 gutters-row-v-2 style-815 style-local-783-c5 position-relative\">\n        <!---->\n        <div class=\"h-row justify-content-lg-center justify-content-md-center justify-content-center align-items-lg-stretch align-items-md-stretch align-items-stretch gutters-col-lg-2 gutters-col-md-2 gutters-col-0 gutters-col-v-lg-2 gutters-col-v-md-2 gutters-col-v-2\">\n          <!---->\n          <div class=\"h-column h-column-container d-flex h-col-lg-auto h-col-md-auto h-col-auto style-816-outer style-local-783-c6-outer\">\n            <div data-colibri-id=\"783-c6\" class=\"d-flex h-flex-basis h-column__inner h-px-lg-2 h-px-md-2 h-px-2 v-inner-lg-2 v-inner-md-2 v-inner-2 style-816 style-local-783-c6 position-relative\">\n              <!---->\n              <!---->\n              <div class=\"w-100 h-y-container h-column__content h-column__v-align flex-basis-100 align-self-lg-start align-self-md-start align-self-start\">\n                <!---->\n                <div data-colibri-id=\"783-c7\" class=\"h-global-transition-all h-heading style-817 style-local-783-c7 position-relative h-element\">\n                  <!---->\n                  <div class=\"h-heading__outer style-817 style-local-783-c7\">\n                    <!---->\n                    <!---->\n                    <h2 class=\"\">Aktywny uk\u0142ad wydechowy Porsche 993<\/h2>\n                  <\/div>\n                <\/div>\n              <\/div>\n            <\/div>\n          <\/div>\n        <\/div>\n      <\/div>\n      <div data-colibri-id=\"783-c3\" class=\"h-row-container gutters-row-lg-2 gutters-row-md-2 gutters-row-0 gutters-row-v-lg-2 gutters-row-v-md-2 gutters-row-v-2 style-813 style-local-783-c3 position-relative\">\n        <!---->\n        <div class=\"h-row justify-content-lg-center justify-content-md-center justify-content-center align-items-lg-stretch align-items-md-stretch align-items-stretch gutters-col-lg-2 gutters-col-md-2 gutters-col-0 gutters-col-v-lg-2 gutters-col-v-md-2 gutters-col-v-2\">\n          <!---->\n          <div class=\"h-column h-column-container d-flex h-col-lg-auto h-col-md-auto h-col-auto style-814-outer style-local-783-c4-outer\">\n            <div data-colibri-id=\"783-c4\" class=\"d-flex h-flex-basis h-column__inner h-ui-empty-state-container h-px-lg-2 h-px-md-2 h-px-2 v-inner-lg-2 v-inner-md-2 v-inner-2 style-814 style-local-783-c4 position-relative\">\n              <!---->\n              <!---->\n              <div class=\"w-100 h-y-container h-column__content h-column__v-align flex-basis-100\">\n                <!---->\n              <\/div>\n            <\/div>\n          <\/div>\n        <\/div>\n      <\/div>\n    <\/div>\n  <\/div>\n  <div data-colibri-component=\"section\" data-colibri-id=\"783-c8\" id=\"custom-2\" class=\"h-section h-section-global-spacing d-flex align-items-lg-center align-items-md-center align-items-center style-819 style-local-783-c8 position-relative\">\n    <!---->\n    <!---->\n    <div class=\"h-section-grid-container h-section-boxed-container\">\n      <!---->\n      <div data-colibri-id=\"783-c9\" class=\"h-row-container gutters-row-lg-2 gutters-row-md-2 gutters-row-0 gutters-row-v-lg-2 gutters-row-v-md-2 gutters-row-v-2 style-820 style-local-783-c9 position-relative\">\n        <!---->\n        <div class=\"h-row justify-content-lg-center justify-content-md-center justify-content-center align-items-lg-stretch align-items-md-stretch align-items-stretch gutters-col-lg-2 gutters-col-md-2 gutters-col-0 gutters-col-v-lg-2 gutters-col-v-md-2 gutters-col-v-2\">\n          <!---->\n          <div class=\"h-column h-column-container d-flex h-col-lg-auto h-col-md-auto h-col-auto style-821-outer style-local-783-c10-outer\">\n            <div data-colibri-id=\"783-c10\" class=\"d-flex h-flex-basis h-column__inner h-px-lg-2 h-px-md-2 h-px-2 v-inner-lg-2 v-inner-md-2 v-inner-2 style-821 style-local-783-c10 position-relative\">\n              <!---->\n              <!---->\n              <div class=\"w-100 h-y-container h-column__content h-column__v-align flex-basis-100 align-self-lg-start align-self-md-start align-self-start\">\n                <!---->\n                <div data-colibri-id=\"783-c11\" class=\"h-text h-text-component style-822 style-local-783-c11 position-relative h-element\">\n                  <!---->\n                  <!---->\n                  <div class=\"\">\n                    <p>Nasz uk\u0142ad wydechowy do Porsche 993, podobnie jak wszystkie nasze produkty, wyr\u00f3\u017cnia si\u0119 dba\u0142o\u015bci\u0105 o detale i pi\u0119knym d\u017awi\u0119kiem.<\/p>\n                    <p>Obecnie dost\u0119pny jest wy\u0142\u0105cznie w opcji monta\u017cu na miejscu, ze wzgl\u0119du na wymagania dotycz\u0105ce dopasowania.<\/p>\n                    <p>Trwaj\u0105 jednak prace nad wersj\u0105 przystosowan\u0105 do wysy\u0142ki i monta\u017cu zdalnego \u2013 b\u0119dzie dost\u0119pna&nbsp;wkr\u00f3tce.<\/p>\n                  <\/div>\n                <\/div>\n              <\/div>\n            <\/div>\n          <\/div>\n        <\/div>\n      <\/div>\n      <div data-colibri-id=\"783-c26\" class=\"h-row-container gutters-row-lg-2 gutters-row-md-2 gutters-row-0 gutters-row-v-lg-2 gutters-row-v-md-2 gutters-row-v-2 style-930 style-local-783-c26 position-relative\">\n        <!---->\n        <div class=\"h-row justify-content-lg-center justify-content-md-center justify-content-center align-items-lg-stretch align-items-md-stretch align-items-stretch gutters-col-lg-2 gutters-col-md-2 gutters-col-0 gutters-col-v-lg-2 gutters-col-v-md-2 gutters-col-v-2\">\n          <!---->\n          <div class=\"h-column h-column-container d-flex h-col-lg-auto h-col-md-auto h-col-auto style-931-outer style-local-783-c27-outer\">\n            <div data-colibri-id=\"783-c27\" class=\"d-flex h-flex-basis h-column__inner h-px-lg-2 h-px-md-2 h-px-2 v-inner-lg-2 v-inner-md-2 v-inner-2 style-931 style-local-783-c27 position-relative\">\n              <!---->\n              <!---->\n              <div class=\"w-100 h-y-container h-column__content h-column__v-align flex-basis-100 align-self-lg-start align-self-md-start align-self-start\">\n                <!---->\n                <div data-colibri-id=\"783-c29\" class=\"h-text h-text-component style-933 style-local-783-c29 position-relative h-element\">\n                  <!---->\n                  <!---->\n                  <div class=\"\">\n                    <p>T\u0142umik\u00f3w z zaworami pneumatycznymi<\/p>\n                    <p>\u2013 Osprz\u0119tu<\/p>\n                    <p>\u2013 Wi\u0105zki przewod\u00f3w<\/p>\n                    <p>\u2013 Zestawu monta\u017cowego<\/p>\n                    <p>\u2013 W\u0142\u0105cznika w konsoli centralnej<\/p>\n                    <p>\u2013 Instrukcji monta\u017cu<\/p>\n                    <p>\u2013 Elektrozawor\u00f3w<\/p>\n                  <\/div>\n                <\/div>\n              <\/div>\n            <\/div>\n          <\/div>\n        <\/div>\n      <\/div>\n      <div data-colibri-id=\"783-c12\" class=\"h-row-container gutters-row-lg-2 gutters-row-md-2 gutters-row-0 gutters-row-v-lg-2 gutters-row-v-md-2 gutters-row-v-2 style-828 style-local-783-c12 position-relative\">\n        <!---->\n        <div class=\"h-row justify-content-lg-center justify-content-md-center justify-content-center align-items-lg-stretch align-items-md-stretch align-items-stretch gutters-col-lg-2 gutters-col-md-2 gutters-col-0 gutters-col-v-lg-2 gutters-col-v-md-2 gutters-col-v-2\">\n          <!---->\n          <div class=\"h-column h-column-container d-flex h-col-lg-auto h-col-md-auto h-col-auto style-829-outer style-local-783-c13-outer\">\n            <div data-colibri-id=\"783-c13\" class=\"d-flex h-flex-basis h-column__inner h-px-lg-2 h-px-md-2 h-px-2 v-inner-lg-2 v-inner-md-2 v-inner-2 style-829 style-local-783-c13 position-relative\">\n              <!---->\n              <!---->\n              <div class=\"w-100 h-y-container h-column__content h-column__v-align flex-basis-100 align-self-lg-start align-self-md-start align-self-start\">\n                <!---->\n                <div data-colibri-id=\"783-c14\" class=\"h-text h-text-component style-831 style-local-783-c14 position-relative h-element\">\n                  <!---->\n                  <!---->\n                  <div class=\"\">\n                    <p>Cena:<\/p>\n                    <p>4000USD<\/p>\n                  <\/div>\n                <\/div>\n              <\/div>\n            <\/div>\n          <\/div>\n        <\/div>\n      <\/div>\n      <div data-colibri-id=\"783-c15\" class=\"h-row-container gutters-row-lg-2 gutters-row-md-2 gutters-row-0 gutters-row-v-lg-2 gutters-row-v-md-2 gutters-row-v-2 style-823 style-local-783-c15 position-relative\">\n        <!---->\n        <div class=\"h-row justify-content-lg-center justify-content-md-center justify-content-center align-items-lg-stretch align-items-md-stretch align-items-stretch gutters-col-lg-2 gutters-col-md-2 gutters-col-0 gutters-col-v-lg-2 gutters-col-v-md-2 gutters-col-v-2\">\n          <!---->\n          <div class=\"h-column h-column-container d-flex h-col-lg-auto h-col-md-auto h-col-auto style-824-outer style-local-783-c16-outer\">\n            <div data-colibri-id=\"783-c16\" class=\"d-flex h-flex-basis h-column__inner h-px-lg-2 h-px-md-2 h-px-2 v-inner-lg-2 v-inner-md-2 v-inner-2 style-824 style-local-783-c16 position-relative\">\n              <!---->\n              <!---->\n              <div class=\"w-100 h-y-container h-column__content h-column__v-align flex-basis-100 align-self-lg-start align-self-md-start align-self-start\">\n                <!---->\n                <div data-colibri-id=\"783-c17\" class=\"d-block style-826 style-local-783-c17 position-relative h-element\">\n                  <!---->\n                  <div class=\"h-image__frame-container-outer\">\n                    <div class=\"h-image__frame-container\">\n                      <!---->\n                      <!---->\n                      <img decoding=\"async\" src=\"https:\/\/inferroexhausts.eu\/wp-content\/uploads\/2025\/07\/993-strona-1-1024x509.jpg\" class=\"style-826-image style-local-783-c17-image\">\n                      <div class=\"h-image__frame h-hide-lg h-hide-md h-hide-sm style-826-frameImage style-local-783-c17-frameImage\"><\/div>\n                    <\/div>\n                  <\/div>\n                <\/div>\n              <\/div>\n            <\/div>\n          <\/div>\n          <div class=\"h-column h-column-container d-flex h-col-lg-auto h-col-md-auto h-col-auto style-832-outer style-local-783-c18-outer\">\n            <div data-colibri-id=\"783-c18\" class=\"d-flex h-flex-basis h-column__inner h-px-lg-2 h-px-md-2 h-px-2 v-inner-lg-2 v-inner-md-2 v-inner-2 style-832 style-local-783-c18 position-relative\">\n              <!---->\n              <!---->\n              <div class=\"w-100 h-y-container h-column__content h-column__v-align flex-basis-100 align-self-lg-start align-self-md-start align-self-start\">\n                <!---->\n                <div data-colibri-id=\"783-c19\" class=\"d-block style-833 style-local-783-c19 position-relative h-element\">\n                  <!---->\n                  <div class=\"h-image__frame-container-outer\">\n                    <div class=\"h-image__frame-container\">\n                      <!---->\n                      <!---->\n                      <img decoding=\"async\" loading=\"lazy\" width=\"1874\" height=\"1124\" src=\"https:\/\/inferroexhausts.eu\/wp-content\/uploads\/2025\/07\/993-strona-2.jpg\" class=\"wp-image-787 style-833-image style-local-783-c19-image\" srcset=\"https:\/\/inferroexhausts.eu\/wp-content\/uploads\/2025\/07\/993-strona-2.jpg 1874w, https:\/\/inferroexhausts.eu\/wp-content\/uploads\/2025\/07\/993-strona-2-300x180.jpg 300w, https:\/\/inferroexhausts.eu\/wp-content\/uploads\/2025\/07\/993-strona-2-1024x614.jpg 1024w, https:\/\/inferroexhausts.eu\/wp-content\/uploads\/2025\/07\/993-strona-2-768x461.jpg 768w, https:\/\/inferroexhausts.eu\/wp-content\/uploads\/2025\/07\/993-strona-2-1536x921.jpg 1536w\" sizes=\"(max-width: 1874px) 100vw, 1874px\" alt=\"\" \/>\n                      <div class=\"h-image__frame h-hide-lg h-hide-md h-hide-sm style-833-frameImage style-local-783-c19-frameImage\"><\/div>\n                    <\/div>\n                  <\/div>\n                <\/div>\n              <\/div>\n            <\/div>\n          <\/div>\n        <\/div>\n      <\/div>\n      <div data-colibri-id=\"783-c20\" class=\"h-row-container gutters-row-lg-2 gutters-row-md-2 gutters-row-0 gutters-row-v-lg-2 gutters-row-v-md-2 gutters-row-v-2 style-834 style-local-783-c20 position-relative\">\n        <!---->\n        <div class=\"h-row justify-content-lg-center justify-content-md-center justify-content-center align-items-lg-stretch align-items-md-stretch align-items-stretch gutters-col-lg-2 gutters-col-md-2 gutters-col-0 gutters-col-v-lg-2 gutters-col-v-md-2 gutters-col-v-2\">\n          <!---->\n          <div class=\"h-column h-column-container d-flex h-col-lg-auto h-col-md-auto h-col-auto style-835-outer style-local-783-c21-outer\">\n            <div data-colibri-id=\"783-c21\" class=\"d-flex h-flex-basis h-column__inner h-px-lg-2 h-px-md-2 h-px-2 v-inner-lg-2 v-inner-md-2 v-inner-2 style-835 style-local-783-c21 position-relative\">\n              <!---->\n              <!---->\n              <div class=\"w-100 h-y-container h-column__content h-column__v-align flex-basis-100 align-self-lg-start align-self-md-start align-self-start\">\n                <!---->\n                <div data-colibri-id=\"783-c22\" class=\"h-text h-text-component style-837 style-local-783-c22 position-relative h-element\">\n                  <!---->\n                  <!---->\n                  <div class=\"\">\n                    <p>Uk\u0142ad wydechowy oferuje trzy tryby g\u0142o\u015bno\u015bci, dzi\u0119ki zastosowaniu pneumatycznych przepustnic.<\/p>\n                    <p>Dedykowany prze\u0142\u0105cznik zamontowany w kabinie umo\u017cliwia p\u0142ynne prze\u0142\u0105czanie si\u0119 mi\u0119dzy trybami g\u0142o\u015bno\u015bci.<\/p>\n                    <p>Prze\u0142\u0105cznik zosta\u0142 zaprojektowany tak, aby stylistycznie komponowa\u0142 si\u0119 z klasycznym wn\u0119trzem&nbsp;modelu&nbsp;993.<\/p>\n                  <\/div>\n                <\/div>\n              <\/div>\n            <\/div>\n          <\/div>\n        <\/div>\n      <\/div>\n      <div data-colibri-id=\"783-c23\" class=\"h-row-container gutters-row-lg-2 gutters-row-md-2 gutters-row-0 gutters-row-v-lg-2 gutters-row-v-md-2 gutters-row-v-2 style-838 style-local-783-c23 position-relative\">\n        <!---->\n        <div class=\"h-row justify-content-lg-center justify-content-md-center justify-content-center align-items-lg-stretch align-items-md-stretch align-items-stretch gutters-col-lg-2 gutters-col-md-2 gutters-col-0 gutters-col-v-lg-2 gutters-col-v-md-2 gutters-col-v-2\">\n          <!---->\n          <div class=\"h-column h-column-container d-flex h-col-lg-auto h-col-md-auto h-col-auto style-839-outer style-local-783-c24-outer\">\n            <div data-colibri-id=\"783-c24\" class=\"d-flex h-flex-basis h-column__inner h-px-lg-2 h-px-md-2 h-px-2 v-inner-lg-2 v-inner-md-2 v-inner-2 style-839 style-local-783-c24 position-relative\">\n              <!---->\n              <!---->\n              <div class=\"w-100 h-y-container h-column__content h-column__v-align flex-basis-100 align-self-lg-start align-self-md-start align-self-start\">\n                <!---->\n                <div data-colibri-id=\"783-c25\" class=\"d-block style-841 style-local-783-c25 position-relative h-element\">\n                  <!---->\n                  <div class=\"h-image__frame-container-outer\">\n                    <div class=\"h-image__frame-container\">\n                      <!---->\n                      <!---->\n                      <img decoding=\"async\" loading=\"lazy\" width=\"2048\" height=\"1536\" src=\"https:\/\/inferroexhausts.eu\/wp-content\/uploads\/2025\/07\/993-przeacznik.jpg\" class=\"wp-image-788 style-841-image style-local-783-c25-image\" srcset=\"https:\/\/inferroexhausts.eu\/wp-content\/uploads\/2025\/07\/993-przeacznik.jpg 2048w, https:\/\/inferroexhausts.eu\/wp-content\/uploads\/2025\/07\/993-przeacznik-300x225.jpg 300w, https:\/\/inferroexhausts.eu\/wp-content\/uploads\/2025\/07\/993-przeacznik-1024x768.jpg 1024w, https:\/\/inferroexhausts.eu\/wp-content\/uploads\/2025\/07\/993-przeacznik-768x576.jpg 768w, https:\/\/inferroexhausts.eu\/wp-content\/uploads\/2025\/07\/993-przeacznik-1536x1152.jpg 1536w\" sizes=\"(max-width: 2048px) 100vw, 2048px\" alt=\"\" \/>\n                      <div class=\"h-image__frame h-hide-lg h-hide-md h-hide-sm style-841-frameImage style-local-783-c25-frameImage\"><\/div>\n                    <\/div>\n                  <\/div>\n                <\/div>\n              <\/div>\n            <\/div>\n          <\/div>\n        <\/div>\n      <\/div>\n    <\/div>\n  <\/div>\n<\/div>","protected":false},"excerpt":{"rendered":"<p>Aktywny uk\u0142ad wydechowy Porsche 993 Nasz uk\u0142ad wydechowy do Porsche 993, podobnie jak [&hellip;]<\/p>\n","protected":false},"author":2,"featured_media":0,"parent":0,"menu_order":0,"comment_status":"closed","ping_status":"closed","template":"page-templates\/full-width-page.php","meta":[],"_links":{"self":[{"href":"https:\/\/inferroexhausts.eu\/index.php\/wp-json\/wp\/v2\/pages\/783"}],"collection":[{"href":"https:\/\/inferroexhausts.eu\/index.php\/wp-json\/wp\/v2\/pages"}],"about":[{"href":"https:\/\/inferroexhausts.eu\/index.php\/wp-json\/wp\/v2\/types\/page"}],"author":[{"embeddable":true,"href":"https:\/\/inferroexhausts.eu\/index.php\/wp-json\/wp\/v2\/users\/2"}],"replies":[{"embeddable":true,"href":"https:\/\/inferroexhausts.eu\/index.php\/wp-json\/wp\/v2\/comments?post=783"}],"version-history":[{"count":3,"href":"https:\/\/inferroexhausts.eu\/index.php\/wp-json\/wp\/v2\/pages\/783\/revisions"}],"predecessor-version":[{"id":987,"href":"https:\/\/inferroexhausts.eu\/index.php\/wp-json\/wp\/v2\/pages\/783\/revisions\/987"}],"wp:attachment":[{"href":"https:\/\/inferroexhausts.eu\/index.php\/wp-json\/wp\/v2\/media?parent=783"}],"curies":[{"name":"wp","href":"https:\/\/api.w.org\/{rel}","templated":true}]}}