{"id":360,"date":"2025-06-05T21:33:55","date_gmt":"2025-06-05T19:33:55","guid":{"rendered":"https:\/\/ferroexhausts.eu\/?page_id=360"},"modified":"2025-12-07T21:04:55","modified_gmt":"2025-12-07T20:04:55","slug":"996-2","status":"publish","type":"page","link":"https:\/\/inferroexhausts.eu\/index.php\/996-2\/","title":{"rendered":"996"},"content":{"rendered":"<div data-colibri-id=\"360-c1\" class=\"style-382 style-local-360-c1 position-relative\">\n  <!---->\n  <div data-colibri-component=\"section\" data-colibri-id=\"360-c2\" id=\"custom\" class=\"h-section h-section-global-spacing d-flex align-items-lg-center align-items-md-center align-items-center style-383 style-local-360-c2 position-relative\">\n    <!---->\n    <!---->\n    <div class=\"h-section-grid-container h-section-boxed-container\">\n      <div data-colibri-id=\"360-c9\" class=\"h-row-container gutters-row-lg-2 gutters-row-md-2 gutters-row-0 gutters-row-v-lg-2 gutters-row-v-md-2 gutters-row-v-2 style-681 style-local-360-c9 position-relative\">\n        <!---->\n        <div class=\"h-row justify-content-lg-center justify-content-md-center justify-content-center align-items-lg-stretch align-items-md-stretch align-items-stretch gutters-col-lg-2 gutters-col-md-2 gutters-col-0 gutters-col-v-lg-2 gutters-col-v-md-2 gutters-col-v-2\">\n          <!---->\n          <div class=\"h-column h-column-container d-flex h-col-lg-auto h-col-md-auto h-col-auto style-682-outer style-local-360-c10-outer\">\n            <div data-colibri-id=\"360-c10\" class=\"d-flex h-flex-basis h-column__inner h-px-lg-2 h-px-md-2 h-px-2 v-inner-lg-2 v-inner-md-2 v-inner-2 style-682 style-local-360-c10 position-relative\">\n              <!---->\n              <!---->\n              <div class=\"w-100 h-y-container h-column__content h-column__v-align flex-basis-100 align-self-lg-start align-self-md-start align-self-start\">\n                <!---->\n                <div data-colibri-id=\"360-c11\" class=\"h-global-transition-all h-heading style-683 style-local-360-c11 position-relative h-element\">\n                  <!---->\n                  <div class=\"h-heading__outer style-683 style-local-360-c11\">\n                    <!---->\n                    <!---->\n                    <h2 class=\"\">Aktywny uk\u0142ad wydechowy Porsche 996<\/h2>\n                  <\/div>\n                <\/div>\n              <\/div>\n            <\/div>\n          <\/div>\n        <\/div>\n      <\/div>\n      <div data-colibri-id=\"360-c3\" class=\"h-row-container gutters-row-lg-2 gutters-row-md-2 gutters-row-0 gutters-row-v-lg-2 gutters-row-v-md-2 gutters-row-v-2 style-677 style-local-360-c3 position-relative\">\n        <!---->\n        <div class=\"h-row justify-content-lg-center justify-content-md-center justify-content-center align-items-lg-stretch align-items-md-stretch align-items-stretch gutters-col-lg-2 gutters-col-md-2 gutters-col-0 gutters-col-v-lg-2 gutters-col-v-md-2 gutters-col-v-2\">\n          <!---->\n          <div class=\"h-column h-column-container d-flex h-col-lg-auto h-col-md-auto h-col-auto style-678-outer style-local-360-c4-outer\">\n            <div data-colibri-id=\"360-c4\" class=\"d-flex h-flex-basis h-column__inner h-px-lg-2 h-px-md-2 h-px-2 v-inner-lg-2 v-inner-md-2 v-inner-2 style-678 style-local-360-c4 position-relative\">\n              <!---->\n              <!---->\n              <div class=\"w-100 h-y-container h-column__content h-column__v-align flex-basis-100 align-self-lg-start align-self-md-start align-self-start\">\n                <!---->\n                <div data-colibri-id=\"360-c5\" class=\"d-block style-685 style-local-360-c5 position-relative h-element\">\n                  <!---->\n                  <div class=\"h-image__frame-container-outer\">\n                    <div class=\"h-image__frame-container\">\n                      <!---->\n                      <!---->\n                      <img decoding=\"async\" loading=\"lazy\" width=\"500\" height=\"291\" src=\"https:\/\/inferroexhausts.eu\/wp-content\/uploads\/2025\/06\/cropped-Projekt-bez-nazwy.png\" class=\"wp-image-467 style-685-image style-local-360-c5-image\" srcset=\"https:\/\/inferroexhausts.eu\/wp-content\/uploads\/2025\/06\/cropped-Projekt-bez-nazwy.png 500w, https:\/\/inferroexhausts.eu\/wp-content\/uploads\/2025\/06\/cropped-Projekt-bez-nazwy-300x175.png 300w\" sizes=\"(max-width: 500px) 100vw, 500px\" alt=\"\" \/>\n                      <div class=\"h-image__frame h-hide-lg h-hide-md h-hide-sm style-685-frameImage style-local-360-c5-frameImage\"><\/div>\n                    <\/div>\n                  <\/div>\n                <\/div>\n              <\/div>\n            <\/div>\n          <\/div>\n        <\/div>\n      <\/div>\n      <div data-colibri-id=\"360-c6\" class=\"h-row-container gutters-row-lg-2 gutters-row-md-2 gutters-row-0 gutters-row-v-lg-2 gutters-row-v-md-2 gutters-row-v-2 style-384 style-local-360-c6 position-relative\">\n        <!---->\n        <div class=\"h-row justify-content-lg-center justify-content-md-center justify-content-center align-items-lg-stretch align-items-md-stretch align-items-stretch gutters-col-lg-2 gutters-col-md-2 gutters-col-0 gutters-col-v-lg-2 gutters-col-v-md-2 gutters-col-v-2\">\n          <!---->\n          <div class=\"h-column h-column-container d-flex h-col-lg-auto h-col-md-auto h-col-auto style-385-outer style-local-360-c7-outer\">\n            <div data-colibri-id=\"360-c7\" class=\"d-flex h-flex-basis h-column__inner h-px-lg-2 h-px-md-2 h-px-2 v-inner-lg-2 v-inner-md-2 v-inner-2 style-385 style-local-360-c7 position-relative\">\n              <!---->\n              <!---->\n              <div class=\"w-100 h-y-container h-column__content h-column__v-align flex-basis-100 align-self-lg-start align-self-md-start align-self-start\">\n                <!---->\n                <div data-colibri-id=\"360-c8\" class=\"h-text h-text-component style-386 style-local-360-c8 position-relative h-element\">\n                  <!---->\n                  <!---->\n                  <div class=\"\">\n                    <p>Uk\u0142ad wydechowy dost\u0119pny w opcji z trzema trybami g\u0142o\u015bno\u015bci:<\/p>\n                    <p>-Cichy, Sport , Sport+<\/p>\n                    <p>Zawory pneumatyczne pozwalaj\u0105 na prze\u0142\u0105czanie mi\u0119dzy trybami wydechu w zale\u017cno\u015bci od preferencji w danym momencie. Ciesz si\u0119 cisz\u0105 na autostradzie, uwolnij swoje emocje podczas agresywnej jazdy.<\/p>\n                    <p>\n                      <br>\n                    <\/p>\n                  <\/div>\n                <\/div>\n              <\/div>\n            <\/div>\n          <\/div>\n        <\/div>\n      <\/div>\n    <\/div>\n  <\/div>\n  <div data-colibri-component=\"section\" data-colibri-id=\"360-c12\" id=\"custom-2\" class=\"h-section h-section-global-spacing d-flex align-items-lg-center align-items-md-center align-items-center style-387 style-local-360-c12 position-relative\">\n    <!---->\n    <!---->\n    <div class=\"h-section-grid-container h-section-boxed-container\">\n      <!---->\n      <div data-colibri-id=\"360-c13\" class=\"h-row-container gutters-row-lg-2 gutters-row-md-2 gutters-row-0 gutters-row-v-lg-2 gutters-row-v-md-2 gutters-row-v-2 style-918 style-local-360-c13 position-relative\">\n        <!---->\n        <div class=\"h-row justify-content-lg-center justify-content-md-center justify-content-center align-items-lg-stretch align-items-md-stretch align-items-stretch gutters-col-lg-2 gutters-col-md-2 gutters-col-0 gutters-col-v-lg-2 gutters-col-v-md-2 gutters-col-v-2\">\n          <!---->\n          <div class=\"h-column h-column-container d-flex h-col-lg-auto h-col-md-auto h-col-auto style-919-outer style-local-360-c14-outer\">\n            <div data-colibri-id=\"360-c14\" class=\"d-flex h-flex-basis h-column__inner h-px-lg-2 h-px-md-2 h-px-2 v-inner-lg-2 v-inner-md-2 v-inner-2 style-919 style-local-360-c14 position-relative\">\n              <!---->\n              <!---->\n              <div class=\"w-100 h-y-container h-column__content h-column__v-align flex-basis-100 align-self-lg-start align-self-md-start align-self-start\">\n                <!---->\n                <div data-colibri-id=\"360-c15\" class=\"h-text h-text-component style-921 style-local-360-c15 position-relative h-element\">\n                  <!---->\n                  <!---->\n                  <div class=\"\">\n                    <p>Zestaw sk\u0142ada si\u0119 z:<\/p>\n                    <p>\u2013 T\u0142umik\u00f3w z zaworami pneumatycznymi<\/p>\n                    <p>\u2013 Osprz\u0119tu<\/p>\n                    <p>\u2013 Wi\u0105zki przewod\u00f3w<\/p>\n                    <p>\u2013 Zestawu monta\u017cowego<\/p>\n                    <p>\u2013 W\u0142\u0105cznika w konsoli centralnej<\/p>\n                    <p>\u2013 Instrukcji monta\u017cu<\/p>\n                    <p>\u2013 Elektrozawor\u00f3w<\/p>\n                    <p>-Do wyboru w miejscu za\u015blepki \u0142adowarka usb\/typ c<\/p>\n                  <\/div>\n                <\/div>\n              <\/div>\n            <\/div>\n          <\/div>\n        <\/div>\n      <\/div>\n      <div data-colibri-id=\"360-c16\" class=\"h-row-container gutters-row-lg-2 gutters-row-md-2 gutters-row-0 gutters-row-v-lg-2 gutters-row-v-md-2 gutters-row-v-2 style-593 style-local-360-c16 position-relative\">\n        <!---->\n        <div class=\"h-row justify-content-lg-center justify-content-md-center justify-content-center align-items-lg-stretch align-items-md-stretch align-items-stretch gutters-col-lg-2 gutters-col-md-2 gutters-col-0 gutters-col-v-lg-2 gutters-col-v-md-2 gutters-col-v-2\">\n          <!---->\n          <div class=\"h-column h-column-container d-flex h-col-lg-auto h-col-md-auto h-col-auto style-595-outer style-local-360-c17-outer\">\n            <div data-colibri-id=\"360-c17\" class=\"d-flex h-flex-basis h-column__inner h-px-lg-2 h-px-md-2 h-px-2 v-inner-lg-2 v-inner-md-2 v-inner-2 style-595 style-local-360-c17 position-relative\">\n              <!---->\n              <!---->\n              <div class=\"w-100 h-y-container h-column__content h-column__v-align flex-basis-100 align-self-lg-start align-self-md-start align-self-start\">\n                <!---->\n                <div data-colibri-id=\"360-c18\" class=\"h-text h-text-component style-596 style-local-360-c18 position-relative h-element\">\n                  <!---->\n                  <!---->\n                  <div class=\"\">\n                    <p>CENA:<\/p>\n                  <\/div>\n                <\/div>\n              <\/div>\n            <\/div>\n          <\/div>\n        <\/div>\n      <\/div>\n      <div data-colibri-id=\"360-c19\" class=\"h-row-container gutters-row-lg-2 gutters-row-md-2 gutters-row-0 gutters-row-v-lg-2 gutters-row-v-md-2 gutters-row-v-2 style-587 style-local-360-c19 position-relative\">\n        <!---->\n        <div class=\"h-row justify-content-lg-center justify-content-md-center justify-content-center align-items-lg-stretch align-items-md-stretch align-items-stretch gutters-col-lg-2 gutters-col-md-2 gutters-col-0 gutters-col-v-lg-2 gutters-col-v-md-2 gutters-col-v-2\">\n          <!---->\n          <div class=\"h-column h-column-container d-flex h-col-lg-auto h-col-md-auto h-col-auto style-589-outer style-local-360-c20-outer\">\n            <div data-colibri-id=\"360-c20\" class=\"d-flex h-flex-basis h-column__inner h-px-lg-2 h-px-md-2 h-px-2 v-inner-lg-2 v-inner-md-2 v-inner-2 style-589 style-local-360-c20 position-relative\">\n              <!---->\n              <!---->\n              <div class=\"w-100 h-y-container h-column__content h-column__v-align flex-basis-100 align-self-lg-start align-self-md-start align-self-start\">\n                <!---->\n                <div data-colibri-id=\"360-c21\" class=\"h-text h-text-component style-590 style-local-360-c21 position-relative h-element\">\n                  <!---->\n                  <!---->\n                  <div class=\"\">\n                    <p>T\u0142umiki \u2013 2600usd<\/p>\n                    <p><span style=\"font-weight: 400; font-size: 28px; font-family: &quot;Racing Sans One&quot;; color: rgb(253, 253, 255);\">Wi\u0105zka przewod\u00f3w\/prze\u0142\u0105cznik w konsoli &#8211; 700usd<\/span><\/p>\n                    <p>X-pipe \u2013 750usd<\/p>\n                    <p>X-pipe 200cpsi e4 cats \u2013 1500usd<\/p>\n                    <p>\n                      <br>\n                    <\/p>\n                  <\/div>\n                <\/div>\n              <\/div>\n            <\/div>\n          <\/div>\n        <\/div>\n      <\/div>\n      <div data-colibri-id=\"360-c22\" class=\"h-row-container gutters-row-lg-2 gutters-row-md-2 gutters-row-0 gutters-row-v-lg-2 gutters-row-v-md-2 gutters-row-v-2 style-388 style-local-360-c22 position-relative\">\n        <!---->\n        <div class=\"h-row justify-content-lg-center justify-content-md-center justify-content-center align-items-lg-stretch align-items-md-stretch align-items-stretch gutters-col-lg-2 gutters-col-md-2 gutters-col-0 gutters-col-v-lg-2 gutters-col-v-md-2 gutters-col-v-2\">\n          <!---->\n          <div class=\"h-column h-column-container d-flex h-col-lg-auto h-col-md-auto h-col-auto style-389-outer style-local-360-c23-outer\">\n            <div data-colibri-id=\"360-c23\" class=\"d-flex h-flex-basis h-column__inner h-px-lg-2 h-px-md-2 h-px-2 v-inner-lg-2 v-inner-md-2 v-inner-2 style-389 style-local-360-c23 position-relative\">\n              <!---->\n              <!---->\n              <div class=\"w-100 h-y-container h-column__content h-column__v-align flex-basis-100 align-self-lg-start align-self-md-start align-self-start\">\n                <!---->\n                <div data-colibri-id=\"360-c24\" class=\"d-block style-394 style-local-360-c24 position-relative h-element\">\n                  <!---->\n                  <div class=\"h-image__frame-container-outer\">\n                    <div class=\"h-image__frame-container\">\n                      <!---->\n                      <!---->\n                      <img decoding=\"async\" loading=\"lazy\" width=\"1576\" height=\"1182\" src=\"https:\/\/ferroexhausts.eu\/wp-content\/uploads\/2025\/06\/996-podstrona-3.jpg\" class=\"wp-image-372 style-394-image style-local-360-c24-image\" srcset=\"https:\/\/inferroexhausts.eu\/wp-content\/uploads\/2025\/06\/996-podstrona-3.jpg 1576w, https:\/\/inferroexhausts.eu\/wp-content\/uploads\/2025\/06\/996-podstrona-3-300x225.jpg 300w, https:\/\/inferroexhausts.eu\/wp-content\/uploads\/2025\/06\/996-podstrona-3-1024x768.jpg 1024w, https:\/\/inferroexhausts.eu\/wp-content\/uploads\/2025\/06\/996-podstrona-3-768x576.jpg 768w, https:\/\/inferroexhausts.eu\/wp-content\/uploads\/2025\/06\/996-podstrona-3-1536x1152.jpg 1536w\" sizes=\"(max-width: 1576px) 100vw, 1576px\" alt=\"\" \/>\n                      <div class=\"h-image__frame h-hide-lg h-hide-md h-hide-sm style-394-frameImage style-local-360-c24-frameImage\"><\/div>\n                    <\/div>\n                  <\/div>\n                <\/div>\n              <\/div>\n            <\/div>\n          <\/div>\n          <div class=\"h-column h-column-container d-flex h-col-lg-auto h-col-md-auto h-col-auto style-390-outer style-local-360-c25-outer\">\n            <div data-colibri-id=\"360-c25\" class=\"d-flex h-flex-basis h-column__inner h-px-lg-2 h-px-md-2 h-px-2 v-inner-lg-2 v-inner-md-2 v-inner-2 style-390 style-local-360-c25 position-relative\">\n              <!---->\n              <!---->\n              <div class=\"w-100 h-y-container h-column__content h-column__v-align flex-basis-100 align-self-lg-start align-self-md-start align-self-start\">\n                <!---->\n                <div data-colibri-id=\"360-c26\" class=\"d-block style-393 style-local-360-c26 position-relative h-element\">\n                  <!---->\n                  <div class=\"h-image__frame-container-outer\">\n                    <div class=\"h-image__frame-container\">\n                      <!---->\n                      <!---->\n                      <img decoding=\"async\" loading=\"lazy\" width=\"2000\" height=\"1500\" src=\"https:\/\/ferroexhausts.eu\/wp-content\/uploads\/2025\/06\/996.1-podstrona.jpg\" class=\"wp-image-373 style-393-image style-local-360-c26-image\" srcset=\"https:\/\/inferroexhausts.eu\/wp-content\/uploads\/2025\/06\/996.1-podstrona.jpg 2000w, https:\/\/inferroexhausts.eu\/wp-content\/uploads\/2025\/06\/996.1-podstrona-300x225.jpg 300w, https:\/\/inferroexhausts.eu\/wp-content\/uploads\/2025\/06\/996.1-podstrona-1024x768.jpg 1024w, https:\/\/inferroexhausts.eu\/wp-content\/uploads\/2025\/06\/996.1-podstrona-768x576.jpg 768w, https:\/\/inferroexhausts.eu\/wp-content\/uploads\/2025\/06\/996.1-podstrona-1536x1152.jpg 1536w\" sizes=\"(max-width: 2000px) 100vw, 2000px\" alt=\"\" \/>\n                      <div class=\"h-image__frame h-hide-lg h-hide-md h-hide-sm style-393-frameImage style-local-360-c26-frameImage\"><\/div>\n                    <\/div>\n                  <\/div>\n                <\/div>\n              <\/div>\n            <\/div>\n          <\/div>\n          <div class=\"h-column h-column-container d-flex h-col-lg-auto h-col-md-auto h-col-auto style-391-outer style-local-360-c27-outer\">\n            <div data-colibri-id=\"360-c27\" class=\"d-flex h-flex-basis h-column__inner h-px-lg-2 h-px-md-2 h-px-2 v-inner-lg-2 v-inner-md-2 v-inner-2 style-391 style-local-360-c27 position-relative\">\n              <!---->\n              <!---->\n              <div class=\"w-100 h-y-container h-column__content h-column__v-align flex-basis-100 align-self-lg-start align-self-md-start align-self-start\">\n                <!---->\n                <div data-colibri-id=\"360-c28\" class=\"d-block style-392 style-local-360-c28 position-relative h-element\">\n                  <!---->\n                  <div class=\"h-image__frame-container-outer\">\n                    <div class=\"h-image__frame-container\">\n                      <!---->\n                      <!---->\n                      <img decoding=\"async\" loading=\"lazy\" width=\"1920\" height=\"1081\" src=\"https:\/\/ferroexhausts.eu\/wp-content\/uploads\/2025\/06\/996.3.jpg\" class=\"wp-image-388 style-392-image style-local-360-c28-image\" srcset=\"https:\/\/inferroexhausts.eu\/wp-content\/uploads\/2025\/06\/996.3.jpg 1920w, https:\/\/inferroexhausts.eu\/wp-content\/uploads\/2025\/06\/996.3-300x169.jpg 300w, https:\/\/inferroexhausts.eu\/wp-content\/uploads\/2025\/06\/996.3-1024x577.jpg 1024w, https:\/\/inferroexhausts.eu\/wp-content\/uploads\/2025\/06\/996.3-768x432.jpg 768w, https:\/\/inferroexhausts.eu\/wp-content\/uploads\/2025\/06\/996.3-1536x865.jpg 1536w\" sizes=\"(max-width: 1920px) 100vw, 1920px\" alt=\"\" \/>\n                      <div class=\"h-image__frame h-hide-lg h-hide-md h-hide-sm style-392-frameImage style-local-360-c28-frameImage\"><\/div>\n                    <\/div>\n                  <\/div>\n                <\/div>\n              <\/div>\n            <\/div>\n          <\/div>\n        <\/div>\n      <\/div>\n    <\/div>\n  <\/div>\n  <div data-colibri-component=\"section\" data-colibri-id=\"360-c29\" id=\"custom-3\" class=\"h-section h-section-global-spacing d-flex align-items-lg-center align-items-md-center align-items-center style-395 style-local-360-c29 position-relative\">\n    <!---->\n    <!---->\n    <div class=\"h-section-grid-container h-section-boxed-container\">\n      <!---->\n      <div data-colibri-id=\"360-c30\" class=\"h-row-container gutters-row-lg-2 gutters-row-md-2 gutters-row-0 gutters-row-v-lg-2 gutters-row-v-md-2 gutters-row-v-2 style-396 style-local-360-c30 position-relative\">\n        <!---->\n        <div class=\"h-row justify-content-lg-center justify-content-md-center justify-content-center align-items-lg-stretch align-items-md-stretch align-items-stretch gutters-col-lg-2 gutters-col-md-2 gutters-col-0 gutters-col-v-lg-2 gutters-col-v-md-2 gutters-col-v-2\">\n          <!---->\n          <div class=\"h-column h-column-container d-flex h-col-lg-auto h-col-md-auto h-col-auto style-397-outer style-local-360-c31-outer\">\n            <div data-colibri-id=\"360-c31\" class=\"d-flex h-flex-basis h-column__inner h-px-lg-2 h-px-md-2 h-px-2 v-inner-lg-2 v-inner-md-2 v-inner-2 style-397 style-local-360-c31 position-relative\">\n              <!---->\n              <!---->\n              <div class=\"w-100 h-y-container h-column__content h-column__v-align flex-basis-100 align-self-lg-start align-self-md-start align-self-start\">\n                <!---->\n                <div data-colibri-id=\"360-c32\" class=\"h-text h-text-component style-398 style-local-360-c32 position-relative h-element\">\n                  <!---->\n                  <!---->\n                  <div class=\"\">\n                    <p>Oferujemy dwa rodzaje sterowania, w zale\u017cno\u015bci od potrzeb:<\/p>\n                    <p>Je\u015bli wolisz zachowa\u0107 oryginalny wygl\u0105d wn\u0119trza, polecamy pilota. Je\u015bli wolisz prze\u0142\u0105cza\u0107 tryby na konsoli, mamy dla Ciebie elementy steruj\u0105ce idealnie pasuj\u0105ce do wygl\u0105du Twojego samochodu.<\/p>\n                    <p>\n                      <br>\n                    <\/p>\n                  <\/div>\n                <\/div>\n              <\/div>\n            <\/div>\n          <\/div>\n        <\/div>\n      <\/div>\n    <\/div>\n  <\/div>\n  <div data-colibri-component=\"section\" data-colibri-id=\"360-c33\" id=\"custom-4\" class=\"h-section h-section-global-spacing d-flex align-items-lg-center align-items-md-center align-items-center style-399 style-local-360-c33 position-relative\">\n    <!---->\n    <!---->\n    <div class=\"h-section-grid-container h-section-boxed-container\">\n      <!---->\n      <div data-colibri-id=\"360-c34\" class=\"h-row-container gutters-row-lg-2 gutters-row-md-2 gutters-row-0 gutters-row-v-lg-2 gutters-row-v-md-2 gutters-row-v-2 style-400 style-local-360-c34 position-relative\">\n        <!---->\n        <div class=\"h-row justify-content-lg-center justify-content-md-center justify-content-center align-items-lg-stretch align-items-md-stretch align-items-stretch gutters-col-lg-2 gutters-col-md-2 gutters-col-0 gutters-col-v-lg-2 gutters-col-v-md-2 gutters-col-v-2\">\n          <!---->\n          <div class=\"h-column h-column-container d-flex h-col-lg-auto h-col-md-auto h-col-auto style-401-outer style-local-360-c35-outer\">\n            <div data-colibri-id=\"360-c35\" class=\"d-flex h-flex-basis h-column__inner h-px-lg-2 h-px-md-2 h-px-2 v-inner-lg-2 v-inner-md-2 v-inner-2 style-401 style-local-360-c35 position-relative\">\n              <!---->\n              <!---->\n              <div class=\"w-100 h-y-container h-column__content h-column__v-align flex-basis-100 align-self-lg-start align-self-md-start align-self-start\">\n                <!---->\n                <div data-colibri-id=\"360-c36\" class=\"d-block style-404 style-local-360-c36 position-relative h-element\">\n                  <!---->\n                  <div class=\"h-image__frame-container-outer\">\n                    <div class=\"h-image__frame-container\">\n                      <!---->\n                      <!---->\n                      <img decoding=\"async\" loading=\"lazy\" width=\"1878\" height=\"1056\" src=\"https:\/\/ferroexhausts.eu\/wp-content\/uploads\/2025\/06\/996-panel.jpg\" class=\"wp-image-390 style-404-image style-local-360-c36-image\" srcset=\"https:\/\/inferroexhausts.eu\/wp-content\/uploads\/2025\/06\/996-panel.jpg 1878w, https:\/\/inferroexhausts.eu\/wp-content\/uploads\/2025\/06\/996-panel-300x169.jpg 300w, https:\/\/inferroexhausts.eu\/wp-content\/uploads\/2025\/06\/996-panel-1024x576.jpg 1024w, https:\/\/inferroexhausts.eu\/wp-content\/uploads\/2025\/06\/996-panel-768x432.jpg 768w, https:\/\/inferroexhausts.eu\/wp-content\/uploads\/2025\/06\/996-panel-1536x864.jpg 1536w\" sizes=\"(max-width: 1878px) 100vw, 1878px\" alt=\"\" \/>\n                      <div class=\"h-image__frame h-hide-lg h-hide-md h-hide-sm style-404-frameImage style-local-360-c36-frameImage\"><\/div>\n                    <\/div>\n                  <\/div>\n                <\/div>\n              <\/div>\n            <\/div>\n          <\/div>\n          <div class=\"h-column h-column-container d-flex h-col-lg-auto h-col-md-auto h-col-auto style-402-outer style-local-360-c37-outer\">\n            <div data-colibri-id=\"360-c37\" class=\"d-flex h-flex-basis h-column__inner h-px-lg-2 h-px-md-2 h-px-2 v-inner-lg-2 v-inner-md-2 v-inner-2 style-402 style-local-360-c37 position-relative\">\n              <!---->\n              <!---->\n              <div class=\"w-100 h-y-container h-column__content h-column__v-align flex-basis-100 align-self-lg-start align-self-md-start align-self-start\">\n                <!---->\n                <div data-colibri-id=\"360-c38\" class=\"d-block style-403 style-local-360-c38 position-relative h-element\">\n                  <!---->\n                  <div class=\"h-image__frame-container-outer\">\n                    <div class=\"h-image__frame-container\">\n                      <!---->\n                      <!---->\n                      <img decoding=\"async\" loading=\"lazy\" width=\"1920\" height=\"1080\" src=\"https:\/\/ferroexhausts.eu\/wp-content\/uploads\/2025\/06\/996-panel-2.jpg\" class=\"wp-image-391 style-403-image style-local-360-c38-image\" srcset=\"https:\/\/inferroexhausts.eu\/wp-content\/uploads\/2025\/06\/996-panel-2.jpg 1920w, https:\/\/inferroexhausts.eu\/wp-content\/uploads\/2025\/06\/996-panel-2-300x169.jpg 300w, https:\/\/inferroexhausts.eu\/wp-content\/uploads\/2025\/06\/996-panel-2-1024x576.jpg 1024w, https:\/\/inferroexhausts.eu\/wp-content\/uploads\/2025\/06\/996-panel-2-768x432.jpg 768w, https:\/\/inferroexhausts.eu\/wp-content\/uploads\/2025\/06\/996-panel-2-1536x864.jpg 1536w\" sizes=\"(max-width: 1920px) 100vw, 1920px\" alt=\"\" \/>\n                      <div class=\"h-image__frame h-hide-lg h-hide-md h-hide-sm style-403-frameImage style-local-360-c38-frameImage\"><\/div>\n                    <\/div>\n                  <\/div>\n                <\/div>\n              <\/div>\n            <\/div>\n          <\/div>\n        <\/div>\n      <\/div>\n    <\/div>\n  <\/div>\n<\/div>","protected":false},"excerpt":{"rendered":"<p>Aktywny uk\u0142ad wydechowy Porsche 996 Uk\u0142ad wydechowy dost\u0119pny w opcji z trzema trybami [&hellip;]<\/p>\n","protected":false},"author":2,"featured_media":0,"parent":0,"menu_order":0,"comment_status":"closed","ping_status":"closed","template":"page-templates\/full-width-page.php","meta":[],"_links":{"self":[{"href":"https:\/\/inferroexhausts.eu\/index.php\/wp-json\/wp\/v2\/pages\/360"}],"collection":[{"href":"https:\/\/inferroexhausts.eu\/index.php\/wp-json\/wp\/v2\/pages"}],"about":[{"href":"https:\/\/inferroexhausts.eu\/index.php\/wp-json\/wp\/v2\/types\/page"}],"author":[{"embeddable":true,"href":"https:\/\/inferroexhausts.eu\/index.php\/wp-json\/wp\/v2\/users\/2"}],"replies":[{"embeddable":true,"href":"https:\/\/inferroexhausts.eu\/index.php\/wp-json\/wp\/v2\/comments?post=360"}],"version-history":[{"count":8,"href":"https:\/\/inferroexhausts.eu\/index.php\/wp-json\/wp\/v2\/pages\/360\/revisions"}],"predecessor-version":[{"id":1036,"href":"https:\/\/inferroexhausts.eu\/index.php\/wp-json\/wp\/v2\/pages\/360\/revisions\/1036"}],"wp:attachment":[{"href":"https:\/\/inferroexhausts.eu\/index.php\/wp-json\/wp\/v2\/media?parent=360"}],"curies":[{"name":"wp","href":"https:\/\/api.w.org\/{rel}","templated":true}]}}