{"id":296,"date":"2025-06-05T12:33:48","date_gmt":"2025-06-05T10:33:48","guid":{"rendered":"https:\/\/ferroexhausts.eu\/?page_id=296"},"modified":"2025-12-07T21:04:03","modified_gmt":"2025-12-07T20:04:03","slug":"997-2-2","status":"publish","type":"page","link":"https:\/\/inferroexhausts.eu\/index.php\/997-2-2\/","title":{"rendered":"997.2"},"content":{"rendered":"<div data-colibri-id=\"296-c1\" class=\"style-333 style-local-296-c1 position-relative\">\n  <!---->\n  <div data-colibri-component=\"section\" data-colibri-id=\"296-c2\" id=\"custom\" class=\"h-section h-section-global-spacing d-flex align-items-lg-center align-items-md-center align-items-center style-338 style-local-296-c2 position-relative\">\n    <!---->\n    <!---->\n    <div class=\"h-section-grid-container h-section-boxed-container\">\n      <div data-colibri-id=\"296-c14\" class=\"h-row-container gutters-row-lg-2 gutters-row-md-2 gutters-row-0 gutters-row-v-lg-2 gutters-row-v-md-2 gutters-row-v-2 style-674 style-local-296-c14 position-relative\">\n        <!---->\n        <div class=\"h-row justify-content-lg-center justify-content-md-center justify-content-center align-items-lg-stretch align-items-md-stretch align-items-stretch gutters-col-lg-2 gutters-col-md-2 gutters-col-0 gutters-col-v-lg-2 gutters-col-v-md-2 gutters-col-v-2\">\n          <!---->\n          <div class=\"h-column h-column-container d-flex h-col-lg-auto h-col-md-auto h-col-auto style-675-outer style-local-296-c15-outer\">\n            <div data-colibri-id=\"296-c15\" class=\"d-flex h-flex-basis h-column__inner h-px-lg-2 h-px-md-2 h-px-2 v-inner-lg-2 v-inner-md-2 v-inner-2 style-675 style-local-296-c15 position-relative\">\n              <!---->\n              <!---->\n              <div class=\"w-100 h-y-container h-column__content h-column__v-align flex-basis-100 align-self-lg-start align-self-md-start align-self-start\">\n                <!---->\n                <div data-colibri-id=\"296-c16\" class=\"h-global-transition-all h-heading style-676 style-local-296-c16 position-relative h-element\">\n                  <!---->\n                  <div class=\"h-heading__outer style-676 style-local-296-c16\">\n                    <!---->\n                    <!---->\n                    <h2 class=\"\">Aktywny uk\u0142ad wydechowy Porsche 997.2<\/h2>\n                  <\/div>\n                <\/div>\n              <\/div>\n            <\/div>\n          <\/div>\n        <\/div>\n      <\/div>\n      <div data-colibri-id=\"296-c3\" class=\"h-row-container gutters-row-lg-2 gutters-row-md-2 gutters-row-0 gutters-row-v-lg-2 gutters-row-v-md-2 gutters-row-v-2 style-669 style-local-296-c3 position-relative\">\n        <!---->\n        <div class=\"h-row justify-content-lg-center justify-content-md-center justify-content-center align-items-lg-stretch align-items-md-stretch align-items-stretch gutters-col-lg-2 gutters-col-md-2 gutters-col-0 gutters-col-v-lg-2 gutters-col-v-md-2 gutters-col-v-2\">\n          <!---->\n          <div class=\"h-column h-column-container d-flex h-col-lg-auto h-col-md-auto h-col-auto style-670-outer style-local-296-c4-outer\">\n            <div data-colibri-id=\"296-c4\" class=\"d-flex h-flex-basis h-column__inner h-px-lg-2 h-px-md-2 h-px-2 v-inner-lg-2 v-inner-md-2 v-inner-2 style-670 style-local-296-c4 position-relative\">\n              <!---->\n              <!---->\n              <div class=\"w-100 h-y-container h-column__content h-column__v-align flex-basis-100 align-self-lg-center align-self-md-center align-self-center\">\n                <!---->\n                <div data-colibri-id=\"296-c5\" class=\"d-block style-673 style-local-296-c5 position-relative h-element\">\n                  <!---->\n                  <div class=\"h-image__frame-container-outer\">\n                    <div class=\"h-image__frame-container\">\n                      <!---->\n                      <!---->\n                      <img decoding=\"async\" src=\"https:\/\/inferroexhausts.eu\/wp-content\/uploads\/2025\/06\/cropped-Projekt-bez-nazwy-300x175.png\" class=\"style-673-image style-local-296-c5-image\">\n                      <div class=\"h-image__frame h-hide-lg h-hide-md h-hide-sm style-673-frameImage style-local-296-c5-frameImage\"><\/div>\n                    <\/div>\n                  <\/div>\n                <\/div>\n              <\/div>\n            <\/div>\n          <\/div>\n        <\/div>\n      <\/div>\n      <div data-colibri-id=\"296-c6\" class=\"h-row-container gutters-row-lg-2 gutters-row-md-2 gutters-row-0 gutters-row-v-lg-2 gutters-row-v-md-2 gutters-row-v-2 style-339 style-local-296-c6 position-relative\">\n        <!---->\n        <div class=\"h-row justify-content-lg-center justify-content-md-center justify-content-center align-items-lg-stretch align-items-md-stretch align-items-stretch gutters-col-lg-2 gutters-col-md-2 gutters-col-0 gutters-col-v-lg-2 gutters-col-v-md-2 gutters-col-v-2\">\n          <!---->\n          <div class=\"h-column h-column-container d-flex h-col-lg-auto h-col-md-auto h-col-auto style-340-outer style-local-296-c7-outer\">\n            <div data-colibri-id=\"296-c7\" class=\"d-flex h-flex-basis h-column__inner h-px-lg-2 h-px-md-2 h-px-2 v-inner-lg-2 v-inner-md-2 v-inner-2 style-340 style-local-296-c7 position-relative\">\n              <!---->\n              <!---->\n              <div class=\"w-100 h-y-container h-column__content h-column__v-align flex-basis-100 align-self-lg-start align-self-md-start align-self-start\">\n                <!---->\n                <div data-colibri-id=\"296-c8\" class=\"h-text h-text-component style-341 style-local-296-c8 position-relative h-element\">\n                  <!---->\n                  <!---->\n                  <div class=\"\">\n                    <p>Uk\u0142ad wydechowy dost\u0119pny w opcji z trzema trybami g\u0142o\u015bno\u015bci:<\/p>\n                    <p>-Cichy, Sport , Sport+<\/p>\n                    <p>Zawory pneumatyczne pozwalaj\u0105 na prze\u0142\u0105czanie mi\u0119dzy trybami wydechu w zale\u017cno\u015bci od preferencji w danym momencie. Ciesz si\u0119 cisz\u0105 na autostradzie, uwolnij swoje emocje podczas agresywnej jazdy.<\/p>\n                    <p>\n                      <br>\n                    <\/p>\n                  <\/div>\n                <\/div>\n                <div data-colibri-id=\"296-c9\" class=\"h-text h-text-component style-624 style-local-296-c9 position-relative h-element\">\n                  <!---->\n                  <!---->\n                  <div class=\"\">\n                    <p>CENA:<\/p>\n                  <\/div>\n                <\/div>\n                <div data-colibri-id=\"296-c10\" class=\"h-text h-text-component style-625 style-local-296-c10 position-relative h-element\">\n                  <!---->\n                  <!---->\n                  <div class=\"\">\n                    <p>T\u0142umiki &#8211; 2600usd<\/p>\n                    <p><span style=\"color: rgb(253, 253, 255); font-family: &quot;Racing Sans One&quot;; font-size: 28px; font-weight: 400;\">Wi\u0105zka przewod\u00f3w\/prze\u0142\u0105cznik w konsoli &#8211; 700usd<\/span><\/p>\n                    <p>X-pipe bez katalizator\u00f3w &#8211; 800usd<\/p>\n                  <\/div>\n                <\/div>\n              <\/div>\n            <\/div>\n          <\/div>\n        <\/div>\n      <\/div>\n      <div data-colibri-id=\"296-c11\" class=\"h-row-container gutters-row-lg-2 gutters-row-md-2 gutters-row-0 gutters-row-v-lg-2 gutters-row-v-md-2 gutters-row-v-2 style-914 style-local-296-c11 position-relative\">\n        <!---->\n        <div class=\"h-row justify-content-lg-center justify-content-md-center justify-content-center align-items-lg-stretch align-items-md-stretch align-items-stretch gutters-col-lg-2 gutters-col-md-2 gutters-col-0 gutters-col-v-lg-2 gutters-col-v-md-2 gutters-col-v-2\">\n          <!---->\n          <div class=\"h-column h-column-container d-flex h-col-lg-auto h-col-md-auto h-col-auto style-915-outer style-local-296-c12-outer\">\n            <div data-colibri-id=\"296-c12\" class=\"d-flex h-flex-basis h-column__inner h-px-lg-2 h-px-md-2 h-px-2 v-inner-lg-2 v-inner-md-2 v-inner-2 style-915 style-local-296-c12 position-relative\">\n              <!---->\n              <!---->\n              <div class=\"w-100 h-y-container h-column__content h-column__v-align flex-basis-100 align-self-lg-start align-self-md-start align-self-start\">\n                <!---->\n                <div data-colibri-id=\"296-c13\" class=\"h-text h-text-component style-917 style-local-296-c13 position-relative h-element\">\n                  <!---->\n                  <!---->\n                  <div class=\"\">\n                    <p>Zestaw sk\u0142ada si\u0119 z:<\/p>\n                    <p>\u2013 T\u0142umik\u00f3w z zaworami pneumatycznymi<\/p>\n                    <p>\u2013 Osprz\u0119tu<\/p>\n                    <p>\u2013 Wi\u0105zki przewod\u00f3w<\/p>\n                    <p>\u2013 Zestawu monta\u017cowego<\/p>\n                    <p>\u2013 W\u0142\u0105cznika w konsoli centralnej<\/p>\n                    <p>\u2013 Instrukcji monta\u017cu<\/p>\n                    <p>\u2013 Elektrozawor\u00f3w<\/p>\n                    <p>\n                      <br>\n                    <\/p>\n                  <\/div>\n                <\/div>\n              <\/div>\n            <\/div>\n          <\/div>\n        <\/div>\n      <\/div>\n    <\/div>\n  <\/div>\n  <div data-colibri-component=\"section\" data-colibri-id=\"296-c17\" id=\"custom-2\" class=\"h-section h-section-global-spacing d-flex align-items-lg-center align-items-md-center align-items-center style-342 style-local-296-c17 position-relative\">\n    <!---->\n    <!---->\n    <div class=\"h-section-grid-container h-section-boxed-container\">\n      <!---->\n      <div data-colibri-id=\"296-c18\" class=\"h-row-container gutters-row-lg-2 gutters-row-md-2 gutters-row-0 gutters-row-v-lg-2 gutters-row-v-md-2 gutters-row-v-2 style-343 style-local-296-c18 position-relative\">\n        <!---->\n        <div class=\"h-row justify-content-lg-center justify-content-md-center justify-content-center align-items-lg-stretch align-items-md-stretch align-items-stretch gutters-col-lg-2 gutters-col-md-2 gutters-col-0 gutters-col-v-lg-2 gutters-col-v-md-2 gutters-col-v-2\">\n          <!---->\n          <div class=\"h-column h-column-container d-flex h-col-lg-auto h-col-md-auto h-col-auto style-344-outer style-local-296-c19-outer\">\n            <div data-colibri-id=\"296-c19\" class=\"d-flex h-flex-basis h-column__inner h-px-lg-2 h-px-md-2 h-px-2 v-inner-lg-2 v-inner-md-2 v-inner-2 style-344 style-local-296-c19 position-relative\">\n              <!---->\n              <!---->\n              <div class=\"w-100 h-y-container h-column__content h-column__v-align flex-basis-100 align-self-lg-start align-self-md-start align-self-start\">\n                <!---->\n                <div data-colibri-id=\"296-c20\" class=\"d-block style-349 style-local-296-c20 position-relative h-element\">\n                  <!---->\n                  <div class=\"h-image__frame-container-outer\">\n                    <div class=\"h-image__frame-container\">\n                      <!---->\n                      <!---->\n                      <img decoding=\"async\" loading=\"lazy\" width=\"1600\" height=\"1200\" src=\"https:\/\/ferroexhausts.eu\/wp-content\/uploads\/2025\/06\/997.2-3.jpg\" class=\"wp-image-318 style-349-image style-local-296-c20-image\" srcset=\"https:\/\/inferroexhausts.eu\/wp-content\/uploads\/2025\/06\/997.2-3.jpg 1600w, https:\/\/inferroexhausts.eu\/wp-content\/uploads\/2025\/06\/997.2-3-300x225.jpg 300w, https:\/\/inferroexhausts.eu\/wp-content\/uploads\/2025\/06\/997.2-3-1024x768.jpg 1024w, https:\/\/inferroexhausts.eu\/wp-content\/uploads\/2025\/06\/997.2-3-768x576.jpg 768w, https:\/\/inferroexhausts.eu\/wp-content\/uploads\/2025\/06\/997.2-3-1536x1152.jpg 1536w\" sizes=\"(max-width: 1600px) 100vw, 1600px\" alt=\"\" \/>\n                      <div class=\"h-image__frame h-hide-lg h-hide-md h-hide-sm style-349-frameImage style-local-296-c20-frameImage\"><\/div>\n                    <\/div>\n                  <\/div>\n                <\/div>\n              <\/div>\n            <\/div>\n          <\/div>\n          <div class=\"h-column h-column-container d-flex h-col-lg-auto h-col-md-auto h-col-auto style-345-outer style-local-296-c21-outer\">\n            <div data-colibri-id=\"296-c21\" class=\"d-flex h-flex-basis h-column__inner h-px-lg-2 h-px-md-2 h-px-2 v-inner-lg-2 v-inner-md-2 v-inner-2 style-345 style-local-296-c21 position-relative\">\n              <!---->\n              <!---->\n              <div class=\"w-100 h-y-container h-column__content h-column__v-align flex-basis-100 align-self-lg-start align-self-md-start align-self-start\">\n                <!---->\n                <div data-colibri-id=\"296-c22\" class=\"d-block style-347 style-local-296-c22 position-relative h-element\">\n                  <!---->\n                  <div class=\"h-image__frame-container-outer\">\n                    <div class=\"h-image__frame-container\">\n                      <!---->\n                      <!---->\n                      <img decoding=\"async\" loading=\"lazy\" width=\"2000\" height=\"1500\" src=\"https:\/\/ferroexhausts.eu\/wp-content\/uploads\/2025\/06\/99.2.2.jpg\" class=\"wp-image-316 style-347-image style-local-296-c22-image\" srcset=\"https:\/\/inferroexhausts.eu\/wp-content\/uploads\/2025\/06\/99.2.2.jpg 2000w, https:\/\/inferroexhausts.eu\/wp-content\/uploads\/2025\/06\/99.2.2-300x225.jpg 300w, https:\/\/inferroexhausts.eu\/wp-content\/uploads\/2025\/06\/99.2.2-1024x768.jpg 1024w, https:\/\/inferroexhausts.eu\/wp-content\/uploads\/2025\/06\/99.2.2-768x576.jpg 768w, https:\/\/inferroexhausts.eu\/wp-content\/uploads\/2025\/06\/99.2.2-1536x1152.jpg 1536w\" sizes=\"(max-width: 2000px) 100vw, 2000px\" alt=\"\" \/>\n                      <div class=\"h-image__frame h-hide-lg h-hide-md h-hide-sm style-347-frameImage style-local-296-c22-frameImage\"><\/div>\n                    <\/div>\n                  <\/div>\n                <\/div>\n              <\/div>\n            <\/div>\n          <\/div>\n          <div class=\"h-column h-column-container d-flex h-col-lg-auto h-col-md-auto h-col-auto style-346-outer style-local-296-c23-outer\">\n            <div data-colibri-id=\"296-c23\" class=\"d-flex h-flex-basis h-column__inner h-px-lg-2 h-px-md-2 h-px-2 v-inner-lg-2 v-inner-md-2 v-inner-2 style-346 style-local-296-c23 position-relative\">\n              <!---->\n              <!---->\n              <div class=\"w-100 h-y-container h-column__content h-column__v-align flex-basis-100 align-self-lg-start align-self-md-start align-self-start\">\n                <!---->\n                <div data-colibri-id=\"296-c24\" class=\"d-block style-348 style-local-296-c24 position-relative h-element\">\n                  <!---->\n                  <div class=\"h-image__frame-container-outer\">\n                    <div class=\"h-image__frame-container\">\n                      <!---->\n                      <!---->\n                      <img decoding=\"async\" loading=\"lazy\" width=\"1556\" height=\"1168\" src=\"https:\/\/ferroexhausts.eu\/wp-content\/uploads\/2025\/06\/997.2-1.jpg\" class=\"wp-image-317 style-348-image style-local-296-c24-image\" srcset=\"https:\/\/inferroexhausts.eu\/wp-content\/uploads\/2025\/06\/997.2-1.jpg 1556w, https:\/\/inferroexhausts.eu\/wp-content\/uploads\/2025\/06\/997.2-1-300x225.jpg 300w, https:\/\/inferroexhausts.eu\/wp-content\/uploads\/2025\/06\/997.2-1-1024x769.jpg 1024w, https:\/\/inferroexhausts.eu\/wp-content\/uploads\/2025\/06\/997.2-1-768x576.jpg 768w, https:\/\/inferroexhausts.eu\/wp-content\/uploads\/2025\/06\/997.2-1-1536x1153.jpg 1536w\" sizes=\"(max-width: 1556px) 100vw, 1556px\" alt=\"\" \/>\n                      <div class=\"h-image__frame h-hide-lg h-hide-md h-hide-sm style-348-frameImage style-local-296-c24-frameImage\"><\/div>\n                    <\/div>\n                  <\/div>\n                <\/div>\n              <\/div>\n            <\/div>\n          <\/div>\n        <\/div>\n      <\/div>\n    <\/div>\n  <\/div>\n  <div data-colibri-component=\"section\" data-colibri-id=\"296-c25\" id=\"custom-3\" class=\"h-section h-section-global-spacing d-flex align-items-lg-center align-items-md-center align-items-center style-357 style-local-296-c25 position-relative\">\n    <!---->\n    <!---->\n    <div class=\"h-section-grid-container h-section-boxed-container\">\n      <!---->\n      <div data-colibri-id=\"296-c26\" class=\"h-row-container gutters-row-lg-1 gutters-row-md-1 gutters-row-0 gutters-row-v-lg-1 gutters-row-v-md-1 gutters-row-v-1 style-358 style-local-296-c26 position-relative\">\n        <!---->\n        <div class=\"h-row justify-content-lg-center justify-content-md-center justify-content-center align-items-lg-stretch align-items-md-stretch align-items-stretch gutters-col-lg-1 gutters-col-md-1 gutters-col-0 gutters-col-v-lg-1 gutters-col-v-md-1 gutters-col-v-1\">\n          <!---->\n          <div class=\"h-column h-column-container d-flex h-col-lg-auto h-col-md-auto h-col-auto style-359-outer style-local-296-c27-outer\">\n            <div data-colibri-id=\"296-c27\" class=\"d-flex h-flex-basis h-column__inner h-px-lg-2 h-px-md-2 h-px-2 v-inner-lg-2 v-inner-md-2 v-inner-2 style-359 style-local-296-c27 position-relative\">\n              <!---->\n              <!---->\n              <div class=\"w-100 h-y-container h-column__content h-column__v-align flex-basis-100 align-self-lg-start align-self-md-start align-self-start\">\n                <!---->\n                <div data-colibri-id=\"296-c28\" class=\"h-text h-text-component style-360 style-local-296-c28 position-relative h-element\">\n                  <!---->\n                  <!---->\n                  <div class=\"\">\n                    <p>Oferujemy dwa rodzaje sterowania, w zale\u017cno\u015bci od potrzeb:<\/p>\n                    <p>Je\u015bli wolisz zachowa\u0107 oryginalny wygl\u0105d wn\u0119trza, polecamy pilota. Je\u015bli wolisz prze\u0142\u0105cza\u0107 tryby na konsoli, mamy dla Ciebie elementy steruj\u0105ce idealnie pasuj\u0105ce do wygl\u0105du Twojego samochodu.<\/p>\n                  <\/div>\n                <\/div>\n              <\/div>\n            <\/div>\n          <\/div>\n        <\/div>\n      <\/div>\n    <\/div>\n  <\/div>\n  <div data-colibri-component=\"section\" data-colibri-id=\"296-c29\" id=\"custom-4\" class=\"h-section h-section-global-spacing d-flex align-items-lg-center align-items-md-center align-items-center style-365 style-local-296-c29 position-relative\">\n    <!---->\n    <!---->\n    <div class=\"h-section-grid-container h-section-boxed-container\">\n      <!---->\n      <div data-colibri-id=\"296-c30\" class=\"h-row-container gutters-row-lg-2 gutters-row-md-2 gutters-row-0 gutters-row-v-lg-2 gutters-row-v-md-2 gutters-row-v-2 style-366 style-local-296-c30 position-relative\">\n        <!---->\n        <div class=\"h-row justify-content-lg-center justify-content-md-center justify-content-center align-items-lg-stretch align-items-md-stretch align-items-stretch gutters-col-lg-2 gutters-col-md-2 gutters-col-0 gutters-col-v-lg-2 gutters-col-v-md-2 gutters-col-v-2\">\n          <!---->\n          <div class=\"h-column h-column-container d-flex h-col-lg-auto h-col-md-auto h-col-auto style-367-outer style-local-296-c31-outer\">\n            <div data-colibri-id=\"296-c31\" class=\"d-flex h-flex-basis h-column__inner h-px-lg-2 h-px-md-2 h-px-2 v-inner-lg-2 v-inner-md-2 v-inner-2 style-367 style-local-296-c31 position-relative\">\n              <!---->\n              <!---->\n              <div class=\"w-100 h-y-container h-column__content h-column__v-align flex-basis-100 align-self-lg-start align-self-md-start align-self-start\">\n                <!---->\n                <div data-colibri-id=\"296-c32\" class=\"d-block style-368 style-local-296-c32 position-relative h-element\">\n                  <!---->\n                  <div class=\"h-image__frame-container-outer\">\n                    <div class=\"h-image__frame-container\">\n                      <!---->\n                      <!---->\n                      <img decoding=\"async\" loading=\"lazy\" width=\"2560\" height=\"1439\" src=\"https:\/\/ferroexhausts.eu\/wp-content\/uploads\/2025\/06\/cropped-galka-997-scaled-1.jpg\" class=\"wp-image-280 style-368-image style-local-296-c32-image\" srcset=\"https:\/\/inferroexhausts.eu\/wp-content\/uploads\/2025\/06\/cropped-galka-997-scaled-1.jpg 2560w, https:\/\/inferroexhausts.eu\/wp-content\/uploads\/2025\/06\/cropped-galka-997-scaled-1-300x169.jpg 300w, https:\/\/inferroexhausts.eu\/wp-content\/uploads\/2025\/06\/cropped-galka-997-scaled-1-1024x576.jpg 1024w, https:\/\/inferroexhausts.eu\/wp-content\/uploads\/2025\/06\/cropped-galka-997-scaled-1-768x432.jpg 768w, https:\/\/inferroexhausts.eu\/wp-content\/uploads\/2025\/06\/cropped-galka-997-scaled-1-1536x863.jpg 1536w, https:\/\/inferroexhausts.eu\/wp-content\/uploads\/2025\/06\/cropped-galka-997-scaled-1-2048x1151.jpg 2048w\" sizes=\"(max-width: 2560px) 100vw, 2560px\" alt=\"\" \/>\n                      <div class=\"h-image__frame h-hide-lg h-hide-md h-hide-sm style-368-frameImage style-local-296-c32-frameImage\"><\/div>\n                    <\/div>\n                  <\/div>\n                <\/div>\n              <\/div>\n            <\/div>\n          <\/div>\n        <\/div>\n      <\/div>\n    <\/div>\n  <\/div>\n<\/div>","protected":false},"excerpt":{"rendered":"<p>Aktywny uk\u0142ad wydechowy Porsche 997.2 Uk\u0142ad wydechowy dost\u0119pny w opcji z trzema trybami [&hellip;]<\/p>\n","protected":false},"author":2,"featured_media":0,"parent":0,"menu_order":0,"comment_status":"closed","ping_status":"closed","template":"page-templates\/full-width-page.php","meta":[],"_links":{"self":[{"href":"https:\/\/inferroexhausts.eu\/index.php\/wp-json\/wp\/v2\/pages\/296"}],"collection":[{"href":"https:\/\/inferroexhausts.eu\/index.php\/wp-json\/wp\/v2\/pages"}],"about":[{"href":"https:\/\/inferroexhausts.eu\/index.php\/wp-json\/wp\/v2\/types\/page"}],"author":[{"embeddable":true,"href":"https:\/\/inferroexhausts.eu\/index.php\/wp-json\/wp\/v2\/users\/2"}],"replies":[{"embeddable":true,"href":"https:\/\/inferroexhausts.eu\/index.php\/wp-json\/wp\/v2\/comments?post=296"}],"version-history":[{"count":12,"href":"https:\/\/inferroexhausts.eu\/index.php\/wp-json\/wp\/v2\/pages\/296\/revisions"}],"predecessor-version":[{"id":1029,"href":"https:\/\/inferroexhausts.eu\/index.php\/wp-json\/wp\/v2\/pages\/296\/revisions\/1029"}],"wp:attachment":[{"href":"https:\/\/inferroexhausts.eu\/index.php\/wp-json\/wp\/v2\/media?parent=296"}],"curies":[{"name":"wp","href":"https:\/\/api.w.org\/{rel}","templated":true}]}}