{"id":232,"date":"2025-06-04T22:19:51","date_gmt":"2025-06-04T20:19:51","guid":{"rendered":"https:\/\/ferroexhausts.eu\/?page_id=232"},"modified":"2025-12-07T21:02:22","modified_gmt":"2025-12-07T20:02:22","slug":"997-3","status":"publish","type":"page","link":"https:\/\/inferroexhausts.eu\/index.php\/997-3\/","title":{"rendered":"997.1"},"content":{"rendered":"<div data-colibri-id=\"232-c1\" class=\"style-287 style-local-232-c1 position-relative\">\n  <!---->\n  <div data-colibri-component=\"section\" data-colibri-id=\"232-c2\" id=\"custom\" class=\"h-section h-section-global-spacing d-flex align-items-lg-center align-items-md-center align-items-center style-296 style-local-232-c2 position-relative\">\n    <!---->\n    <!---->\n    <div class=\"h-section-grid-container h-section-boxed-container\">\n      <div data-colibri-id=\"232-c30\" class=\"h-row-container gutters-row-lg-2 gutters-row-md-2 gutters-row-0 gutters-row-v-lg-2 gutters-row-v-md-2 gutters-row-v-2 style-659 style-local-232-c30 position-relative\">\n        <!---->\n        <div class=\"h-row justify-content-lg-center justify-content-md-center justify-content-center align-items-lg-stretch align-items-md-stretch align-items-stretch gutters-col-lg-2 gutters-col-md-2 gutters-col-0 gutters-col-v-lg-2 gutters-col-v-md-2 gutters-col-v-2\">\n          <!---->\n          <div class=\"h-column h-column-container d-flex h-col-lg-auto h-col-md-auto h-col-auto style-660-outer style-local-232-c31-outer\">\n            <div data-colibri-id=\"232-c31\" class=\"d-flex h-flex-basis h-column__inner h-px-lg-2 h-px-md-2 h-px-2 v-inner-lg-2 v-inner-md-2 v-inner-2 style-660 style-local-232-c31 position-relative\">\n              <!---->\n              <!---->\n              <div class=\"w-100 h-y-container h-column__content h-column__v-align flex-basis-100 align-self-lg-start align-self-md-start align-self-start\">\n                <!---->\n                <div data-colibri-id=\"232-c32\" class=\"h-global-transition-all h-heading style-661 style-local-232-c32 position-relative h-element\">\n                  <!---->\n                  <div class=\"h-heading__outer style-661 style-local-232-c32\">\n                    <!---->\n                    <!---->\n                    <h2 class=\"\">Aktywny uk\u0142ad wydechowy Porsche 997.1<\/h2>\n                  <\/div>\n                <\/div>\n              <\/div>\n            <\/div>\n          <\/div>\n        <\/div>\n      <\/div>\n      <div data-colibri-id=\"232-c3\" class=\"h-row-container gutters-row-lg-2 gutters-row-md-2 gutters-row-0 gutters-row-v-lg-2 gutters-row-v-md-2 gutters-row-v-2 style-647 style-local-232-c3 position-relative\">\n        <!---->\n        <div class=\"h-row justify-content-lg-center justify-content-md-center justify-content-center align-items-lg-stretch align-items-md-stretch align-items-stretch gutters-col-lg-2 gutters-col-md-2 gutters-col-0 gutters-col-v-lg-2 gutters-col-v-md-2 gutters-col-v-2\">\n          <!---->\n          <div class=\"h-column h-column-container d-flex h-col-lg-auto h-col-md-auto h-col-auto style-649-outer style-local-232-c4-outer\">\n            <div data-colibri-id=\"232-c4\" class=\"d-flex h-flex-basis h-column__inner h-px-lg-1 h-px-md-1 h-px-1 v-inner-lg-1 v-inner-md-1 v-inner-1 style-649 style-local-232-c4 position-relative\">\n              <!---->\n              <!---->\n              <div class=\"w-100 h-y-container h-column__content h-column__v-align flex-basis-100 align-self-lg-center align-self-md-center align-self-center\">\n                <!---->\n                <div data-colibri-id=\"232-c5\" class=\"d-block style-654 style-local-232-c5 position-relative h-element\">\n                  <!---->\n                  <div class=\"h-image__frame-container-outer\">\n                    <div class=\"h-image__frame-container\">\n                      <!---->\n                      <!---->\n                      <img decoding=\"async\" src=\"https:\/\/inferroexhausts.eu\/wp-content\/uploads\/2025\/06\/cropped-Projekt-bez-nazwy-300x175.png\" class=\"style-654-image style-local-232-c5-image\">\n                      <div class=\"h-image__frame h-hide-lg h-hide-md h-hide-sm style-654-frameImage style-local-232-c5-frameImage\"><\/div>\n                    <\/div>\n                  <\/div>\n                <\/div>\n              <\/div>\n            <\/div>\n          <\/div>\n        <\/div>\n      <\/div>\n      <div data-colibri-id=\"232-c6\" class=\"h-row-container gutters-row-lg-1 gutters-row-md-1 gutters-row-0 gutters-row-v-lg-1 gutters-row-v-md-1 gutters-row-v-1 style-327 style-local-232-c6 position-relative\">\n        <!---->\n        <div class=\"h-row justify-content-lg-center justify-content-md-center justify-content-center align-items-lg-stretch align-items-md-stretch align-items-stretch gutters-col-lg-1 gutters-col-md-1 gutters-col-0 gutters-col-v-lg-1 gutters-col-v-md-1 gutters-col-v-1\">\n          <!---->\n          <div class=\"h-column h-column-container d-flex h-col-lg-12 h-col-md-12 h-col-12 style-329-outer style-local-232-c7-outer\">\n            <div data-colibri-id=\"232-c7\" class=\"d-flex h-flex-basis h-column__inner h-px-lg-2 h-px-md-2 h-px-2 v-inner-lg-2 v-inner-md-2 v-inner-2 style-329 style-local-232-c7 position-relative\">\n              <!---->\n              <!---->\n              <div class=\"w-100 h-y-container h-column__content h-column__v-align flex-basis-100 align-self-lg-start align-self-md-start align-self-start\">\n                <!---->\n                <div data-colibri-id=\"232-c8\" class=\"h-text h-text-component style-330 style-local-232-c8 position-relative h-element\">\n                  <!---->\n                  <!---->\n                  <div class=\"\">\n                    <p _msttexthash=\"2905292\" _msthash=\"2266\">Uk\u0142ad wydechowy dost\u0119pny w opcji z trzema trybami g\u0142o\u015bno\u015bci:<\/p>\n                    <p _msttexthash=\"368797\" _msthash=\"2265\">-Cichy, Sport , Sport+<\/p>\n                    <p _msttexthash=\"6916\" _msthash=\"2263\">Zawory pneumatyczne pozwalaj\u0105 na prze\u0142\u0105czanie mi\u0119dzy trybami wydechu w zale\u017cno\u015bci od preferencji w danym momencie. Ciesz si\u0119 cisz\u0105 na autostradzie, uwolnij swoje emocje podczas agresywnej jazdy.<\/p>\n                  <\/div>\n                <\/div>\n              <\/div>\n            <\/div>\n          <\/div>\n          <div class=\"h-column h-column-container d-flex h-col-lg-12 h-col-md-12 h-col-12 style-910-outer style-local-232-c9-outer\">\n            <div data-colibri-id=\"232-c9\" class=\"d-flex h-flex-basis h-column__inner h-px-lg-2 h-px-md-2 h-px-2 v-inner-lg-2 v-inner-md-2 v-inner-2 style-910 style-local-232-c9 position-relative\">\n              <!---->\n              <!---->\n              <div class=\"w-100 h-y-container h-column__content h-column__v-align flex-basis-100 align-self-lg-start align-self-md-start align-self-start\">\n                <!---->\n                <div data-colibri-id=\"232-c10\" class=\"h-text h-text-component style-911 style-local-232-c10 position-relative h-element\">\n                  <!---->\n                  <!---->\n                  <div class=\"\">\n                    <p>Zestaw sk\u0142ada si\u0119 z:<\/p>\n                    <p>&#8211; T\u0142umik\u00f3w z zaworami pneumatycznymi<\/p>\n                    <p>&#8211; Osprz\u0119tu<\/p>\n                    <p>&#8211; Wi\u0105zki przewod\u00f3w<\/p>\n                    <p>&#8211; Zestawu monta\u017cowego<\/p>\n                    <p>&#8211; W\u0142\u0105cznika w konsoli centralnej<\/p>\n                    <p>&#8211; Instrukcji monta\u017cu<\/p>\n                    <p>&#8211; Elektrozawor\u00f3w<\/p>\n                  <\/div>\n                <\/div>\n              <\/div>\n            <\/div>\n          <\/div>\n        <\/div>\n      <\/div>\n      <div data-colibri-id=\"232-c11\" class=\"h-row-container gutters-row-lg-2 gutters-row-md-2 gutters-row-0 gutters-row-v-lg-2 gutters-row-v-md-2 gutters-row-v-2 style-605 style-local-232-c11 position-relative\">\n        <!---->\n        <div class=\"h-row justify-content-lg-center justify-content-md-center justify-content-center align-items-lg-stretch align-items-md-stretch align-items-stretch gutters-col-lg-2 gutters-col-md-2 gutters-col-0 gutters-col-v-lg-2 gutters-col-v-md-2 gutters-col-v-2\">\n          <!---->\n          <div class=\"h-column h-column-container d-flex h-col-lg-auto h-col-md-auto h-col-auto style-606-outer style-local-232-c12-outer\">\n            <div data-colibri-id=\"232-c12\" class=\"d-flex h-flex-basis h-column__inner h-px-lg-2 h-px-md-2 h-px-2 v-inner-lg-2 v-inner-md-2 v-inner-2 style-606 style-local-232-c12 position-relative\">\n              <!---->\n              <!---->\n              <div class=\"w-100 h-y-container h-column__content h-column__v-align flex-basis-100 align-self-lg-start align-self-md-start align-self-start\">\n                <!---->\n                <div data-colibri-id=\"232-c13\" class=\"h-text h-text-component style-608 style-local-232-c13 position-relative h-element\">\n                  <!---->\n                  <!---->\n                  <div class=\"\">\n                    <p>CENA:<\/p>\n                  <\/div>\n                <\/div>\n              <\/div>\n            <\/div>\n          <\/div>\n        <\/div>\n      <\/div>\n      <div data-colibri-id=\"232-c14\" class=\"h-row-container gutters-row-lg-2 gutters-row-md-2 gutters-row-0 gutters-row-v-lg-2 gutters-row-v-md-2 gutters-row-v-2 style-602 style-local-232-c14 position-relative\">\n        <!---->\n        <div class=\"h-row justify-content-lg-center justify-content-md-center justify-content-center align-items-lg-stretch align-items-md-stretch align-items-stretch gutters-col-lg-2 gutters-col-md-2 gutters-col-0 gutters-col-v-lg-2 gutters-col-v-md-2 gutters-col-v-2\">\n          <!---->\n          <div class=\"h-column h-column-container d-flex h-col-lg-auto h-col-md-auto h-col-auto style-603-outer style-local-232-c15-outer\">\n            <div data-colibri-id=\"232-c15\" class=\"d-flex h-flex-basis h-column__inner h-px-lg-2 h-px-md-2 h-px-2 v-inner-lg-2 v-inner-md-2 v-inner-2 style-603 style-local-232-c15 position-relative\">\n              <!---->\n              <!---->\n              <div class=\"w-100 h-y-container h-column__content h-column__v-align flex-basis-100 align-self-lg-start align-self-md-start align-self-start\">\n                <!---->\n                <div data-colibri-id=\"232-c16\" class=\"h-text h-text-component style-609 style-local-232-c16 position-relative h-element\">\n                  <!---->\n                  <!---->\n                  <div class=\"\">\n                    <p>T\u0142umiki &#8211; 2600usd<\/p>\n                    <p>Wi\u0105zka przewod\u00f3w\/prze\u0142\u0105cznik w konsoli &#8211; 700usd<\/p>\n                    <p>X-pipe &#8211; 750usd<\/p>\n                    <p>X-pipe 200cpsi e5 cats &#8211; 1500usd<\/p>\n                  <\/div>\n                <\/div>\n              <\/div>\n            <\/div>\n          <\/div>\n        <\/div>\n      <\/div>\n      <div data-colibri-id=\"232-c17\" class=\"h-row-container gutters-row-lg-2 gutters-row-md-2 gutters-row-0 gutters-row-v-lg-2 gutters-row-v-md-2 gutters-row-v-2 style-297 style-local-232-c17 position-relative\">\n        <!---->\n        <div class=\"h-row justify-content-lg-center justify-content-md-center justify-content-center align-items-lg-stretch align-items-md-stretch align-items-stretch gutters-col-lg-2 gutters-col-md-2 gutters-col-0 gutters-col-v-lg-2 gutters-col-v-md-2 gutters-col-v-2\">\n          <!---->\n          <div class=\"h-column h-column-container d-flex h-col-lg-auto h-col-md-auto h-col-auto style-298-outer style-local-232-c18-outer\">\n            <div data-colibri-id=\"232-c18\" class=\"d-flex h-flex-basis h-column__inner h-px-lg-2 h-px-md-2 h-px-2 v-inner-lg-2 v-inner-md-2 v-inner-2 style-298 style-local-232-c18 position-relative\">\n              <!---->\n              <!---->\n              <div class=\"w-100 h-y-container h-column__content h-column__v-align flex-basis-100 align-self-lg-start align-self-md-start align-self-start\">\n                <!---->\n                <div data-colibri-id=\"232-c19\" class=\"d-block style-301 style-local-232-c19 position-relative h-element\">\n                  <!---->\n                  <div class=\"h-image__frame-container-outer\">\n                    <div class=\"h-image__frame-container\">\n                      <!---->\n                      <!---->\n                      <img decoding=\"async\" loading=\"lazy\" width=\"1642\" height=\"1296\" src=\"https:\/\/inferroexhausts.eu\/wp-content\/uploads\/2025\/06\/cropped-997.1-podstrona-3.jpg\" class=\"wp-image-288 style-301-image style-local-232-c19-image\" srcset=\"https:\/\/inferroexhausts.eu\/wp-content\/uploads\/2025\/06\/cropped-997.1-podstrona-3.jpg 1642w, https:\/\/inferroexhausts.eu\/wp-content\/uploads\/2025\/06\/cropped-997.1-podstrona-3-300x237.jpg 300w, https:\/\/inferroexhausts.eu\/wp-content\/uploads\/2025\/06\/cropped-997.1-podstrona-3-1024x808.jpg 1024w, https:\/\/inferroexhausts.eu\/wp-content\/uploads\/2025\/06\/cropped-997.1-podstrona-3-768x606.jpg 768w, https:\/\/inferroexhausts.eu\/wp-content\/uploads\/2025\/06\/cropped-997.1-podstrona-3-1536x1212.jpg 1536w\" sizes=\"(max-width: 1642px) 100vw, 1642px\" alt=\"\" \/>\n                      <div class=\"h-image__frame h-hide-lg h-hide-md h-hide-sm style-301-frameImage style-local-232-c19-frameImage\"><\/div>\n                    <\/div>\n                  <\/div>\n                <\/div>\n              <\/div>\n            <\/div>\n          <\/div>\n          <div class=\"h-column h-column-container d-flex h-col-lg-auto h-col-md-auto h-col-auto style-300-outer style-local-232-c20-outer\">\n            <div data-colibri-id=\"232-c20\" class=\"d-flex h-flex-basis h-column__inner h-px-lg-2 h-px-md-2 h-px-2 v-inner-lg-2 v-inner-md-2 v-inner-2 style-300 style-local-232-c20 position-relative\">\n              <!---->\n              <!---->\n              <div class=\"w-100 h-y-container h-column__content h-column__v-align flex-basis-100 align-self-lg-start align-self-md-start align-self-start\">\n                <!---->\n                <div data-colibri-id=\"232-c21\" class=\"d-block style-307 style-local-232-c21 position-relative h-element\">\n                  <!---->\n                  <div class=\"h-image__frame-container-outer\">\n                    <div class=\"h-image__frame-container\">\n                      <!---->\n                      <!---->\n                      <img decoding=\"async\" loading=\"lazy\" width=\"2556\" height=\"1919\" src=\"https:\/\/inferroexhausts.eu\/wp-content\/uploads\/2025\/06\/cropped-997.1-podstrona-1-scaled-1.jpg\" class=\"wp-image-246 style-307-image style-local-232-c21-image\" srcset=\"https:\/\/inferroexhausts.eu\/wp-content\/uploads\/2025\/06\/cropped-997.1-podstrona-1-scaled-1.jpg 2556w, https:\/\/inferroexhausts.eu\/wp-content\/uploads\/2025\/06\/cropped-997.1-podstrona-1-scaled-1-300x225.jpg 300w, https:\/\/inferroexhausts.eu\/wp-content\/uploads\/2025\/06\/cropped-997.1-podstrona-1-scaled-1-1024x769.jpg 1024w, https:\/\/inferroexhausts.eu\/wp-content\/uploads\/2025\/06\/cropped-997.1-podstrona-1-scaled-1-768x577.jpg 768w, https:\/\/inferroexhausts.eu\/wp-content\/uploads\/2025\/06\/cropped-997.1-podstrona-1-scaled-1-1536x1153.jpg 1536w, https:\/\/inferroexhausts.eu\/wp-content\/uploads\/2025\/06\/cropped-997.1-podstrona-1-scaled-1-2048x1538.jpg 2048w\" sizes=\"(max-width: 2556px) 100vw, 2556px\" alt=\"\" \/>\n                      <div class=\"h-image__frame h-hide-lg h-hide-md h-hide-sm style-307-frameImage style-local-232-c21-frameImage\"><\/div>\n                    <\/div>\n                  <\/div>\n                <\/div>\n              <\/div>\n            <\/div>\n          <\/div>\n          <div class=\"h-column h-column-container d-flex h-col-lg-auto h-col-md-auto h-col-auto style-597-outer style-local-232-c22-outer\">\n            <div data-colibri-id=\"232-c22\" class=\"d-flex h-flex-basis h-column__inner h-px-lg-2 h-px-md-2 h-px-2 v-inner-lg-2 v-inner-md-2 v-inner-2 style-597 style-local-232-c22 position-relative\">\n              <!---->\n              <!---->\n              <div class=\"w-100 h-y-container h-column__content h-column__v-align flex-basis-100 align-self-lg-start align-self-md-start align-self-start\">\n                <!---->\n                <div data-colibri-id=\"232-c23\" class=\"d-block style-598 style-local-232-c23 position-relative h-element\">\n                  <!---->\n                  <div class=\"h-image__frame-container-outer\">\n                    <div class=\"h-image__frame-container\">\n                      <!---->\n                      <!---->\n                      <img decoding=\"async\" src=\"https:\/\/inferroexhausts.eu\/wp-content\/uploads\/2025\/07\/997-strona-300x225.jpg\" class=\"style-598-image style-local-232-c23-image\">\n                      <div class=\"h-image__frame h-hide-lg h-hide-md h-hide-sm style-598-frameImage style-local-232-c23-frameImage\"><\/div>\n                    <\/div>\n                  <\/div>\n                <\/div>\n              <\/div>\n            <\/div>\n          <\/div>\n        <\/div>\n      <\/div>\n      <div data-colibri-id=\"232-c24\" class=\"h-row-container gutters-row-lg-1 gutters-row-md-1 gutters-row-0 gutters-row-v-lg-1 gutters-row-v-md-1 gutters-row-v-1 style-323 style-local-232-c24 position-relative\">\n        <!---->\n        <div class=\"h-row justify-content-lg-center justify-content-md-center justify-content-center align-items-lg-stretch align-items-md-stretch align-items-stretch gutters-col-lg-1 gutters-col-md-1 gutters-col-0 gutters-col-v-lg-1 gutters-col-v-md-1 gutters-col-v-1\">\n          <!---->\n          <div class=\"h-column h-column-container d-flex h-col-lg-auto h-col-md-auto h-col-auto style-324-outer style-local-232-c25-outer\">\n            <div data-colibri-id=\"232-c25\" class=\"d-flex h-flex-basis h-column__inner h-px-lg-2 h-px-md-2 h-px-2 v-inner-lg-2 v-inner-md-2 v-inner-2 style-324 style-local-232-c25 position-relative\">\n              <!---->\n              <!---->\n              <div class=\"w-100 h-y-container h-column__content h-column__v-align flex-basis-100 align-self-lg-start align-self-md-start align-self-start\">\n                <!---->\n                <div data-colibri-id=\"232-c26\" class=\"h-text h-text-component style-331 style-local-232-c26 position-relative h-element\">\n                  <!---->\n                  <!---->\n                  <div class=\"\">\n                    <p _msttexthash=\"2515357\" _msthash=\"2610\">Oferujemy dwa rodzaje sterowania, w zale\u017cno\u015bci od potrzeb:<\/p>\n                    <p _msttexthash=\"22253231\" _msthash=\"2610\">Je\u015bli wolisz zachowa\u0107 oryginalny wygl\u0105d wn\u0119trza, polecamy pilota. Je\u015bli wolisz prze\u0142\u0105cza\u0107 tryby na konsoli, mamy dla Ciebie elementy steruj\u0105ce idealnie pasuj\u0105ce do wygl\u0105du Twojego samochodu.<\/p>\n                    <p>&#8211;<\/p>\n                  <\/div>\n                <\/div>\n              <\/div>\n            <\/div>\n          <\/div>\n        <\/div>\n      <\/div>\n      <div data-colibri-id=\"232-c27\" class=\"h-row-container gutters-row-lg-2 gutters-row-md-2 gutters-row-0 gutters-row-v-lg-2 gutters-row-v-md-2 gutters-row-v-2 style-304 style-local-232-c27 position-relative\">\n        <!---->\n        <div class=\"h-row justify-content-lg-center justify-content-md-center justify-content-center align-items-lg-stretch align-items-md-stretch align-items-stretch gutters-col-lg-2 gutters-col-md-2 gutters-col-0 gutters-col-v-lg-2 gutters-col-v-md-2 gutters-col-v-2\">\n          <!---->\n          <div class=\"h-column h-column-container d-flex h-col-lg-auto h-col-md-auto h-col-auto style-305-outer style-local-232-c28-outer\">\n            <div data-colibri-id=\"232-c28\" class=\"d-flex h-flex-basis h-column__inner h-px-lg-2 h-px-md-2 h-px-2 v-inner-lg-2 v-inner-md-2 v-inner-2 style-305 style-local-232-c28 position-relative\">\n              <!---->\n              <!---->\n              <div class=\"w-100 h-y-container h-column__content h-column__v-align flex-basis-100 align-self-lg-start align-self-md-start align-self-start\">\n                <!---->\n                <div data-colibri-id=\"232-c29\" class=\"d-block style-332 style-local-232-c29 position-relative h-element\">\n                  <!---->\n                  <div class=\"h-image__frame-container-outer\">\n                    <div class=\"h-image__frame-container\">\n                      <!---->\n                      <!---->\n                      <img decoding=\"async\" loading=\"lazy\" width=\"2560\" height=\"1439\" src=\"https:\/\/ferroexhausts.eu\/wp-content\/uploads\/2025\/06\/cropped-galka-997-scaled-1.jpg\" class=\"wp-image-280 style-332-image style-local-232-c29-image\" srcset=\"https:\/\/inferroexhausts.eu\/wp-content\/uploads\/2025\/06\/cropped-galka-997-scaled-1.jpg 2560w, https:\/\/inferroexhausts.eu\/wp-content\/uploads\/2025\/06\/cropped-galka-997-scaled-1-300x169.jpg 300w, https:\/\/inferroexhausts.eu\/wp-content\/uploads\/2025\/06\/cropped-galka-997-scaled-1-1024x576.jpg 1024w, https:\/\/inferroexhausts.eu\/wp-content\/uploads\/2025\/06\/cropped-galka-997-scaled-1-768x432.jpg 768w, https:\/\/inferroexhausts.eu\/wp-content\/uploads\/2025\/06\/cropped-galka-997-scaled-1-1536x863.jpg 1536w, https:\/\/inferroexhausts.eu\/wp-content\/uploads\/2025\/06\/cropped-galka-997-scaled-1-2048x1151.jpg 2048w\" sizes=\"(max-width: 2560px) 100vw, 2560px\" alt=\"\" \/>\n                      <div class=\"h-image__frame h-hide-lg h-hide-md h-hide-sm style-332-frameImage style-local-232-c29-frameImage\"><\/div>\n                    <\/div>\n                  <\/div>\n                <\/div>\n              <\/div>\n            <\/div>\n          <\/div>\n        <\/div>\n      <\/div>\n    <\/div>\n  <\/div>\n<\/div>","protected":false},"excerpt":{"rendered":"<p>Aktywny uk\u0142ad wydechowy Porsche 997.1 Uk\u0142ad wydechowy dost\u0119pny w opcji z trzema trybami [&hellip;]<\/p>\n","protected":false},"author":2,"featured_media":0,"parent":0,"menu_order":0,"comment_status":"closed","ping_status":"closed","template":"page-templates\/full-width-page.php","meta":[],"_links":{"self":[{"href":"https:\/\/inferroexhausts.eu\/index.php\/wp-json\/wp\/v2\/pages\/232"}],"collection":[{"href":"https:\/\/inferroexhausts.eu\/index.php\/wp-json\/wp\/v2\/pages"}],"about":[{"href":"https:\/\/inferroexhausts.eu\/index.php\/wp-json\/wp\/v2\/types\/page"}],"author":[{"embeddable":true,"href":"https:\/\/inferroexhausts.eu\/index.php\/wp-json\/wp\/v2\/users\/2"}],"replies":[{"embeddable":true,"href":"https:\/\/inferroexhausts.eu\/index.php\/wp-json\/wp\/v2\/comments?post=232"}],"version-history":[{"count":18,"href":"https:\/\/inferroexhausts.eu\/index.php\/wp-json\/wp\/v2\/pages\/232\/revisions"}],"predecessor-version":[{"id":1022,"href":"https:\/\/inferroexhausts.eu\/index.php\/wp-json\/wp\/v2\/pages\/232\/revisions\/1022"}],"wp:attachment":[{"href":"https:\/\/inferroexhausts.eu\/index.php\/wp-json\/wp\/v2\/media?parent=232"}],"curies":[{"name":"wp","href":"https:\/\/api.w.org\/{rel}","templated":true}]}}